{"id":26660,"date":"2019-10-22T18:36:30","date_gmt":"2019-10-22T18:36:30","guid":{"rendered":"https:\/\/mention.com\/brand-management\/"},"modified":"2024-11-15T22:53:14","modified_gmt":"2024-11-15T22:53:14","slug":"gestion-de-marque","status":"publish","type":"page","link":"https:\/\/mention.com\/fr\/gestion-de-marque\/","title":{"rendered":"Cas d&#8217;usage &#8211; Gestion de marque"},"content":{"rendered":"<div data-page-group=\"use-case\" data-page-name=\"use-case-brand-management\" data-lang=\"fr\" class=\"mention-2024 page-use-case page-use-case--brand-management lang-fr\">\n<div class=\"admin-placeholder\"><span class=\"locked\"> <\/span><\/div>\n<section data-section-name=\"hero\" class=\"section section--hero hero frontpage pt-xs-0 deletable block-root background-switchable display-switchable background-light\">\n<div class=\"container\">\n<h1 class=\"title center font-40 font-xs-40 fw-700 mt-xs-3 mb-xl-2 editable\">Musclez votre <span class=\"text-highlighted\">strat\u00e9gie de marque<\/span><\/h1>\n<p class=\"subtitle font-16 font-xs-16 mb-4 mt-xs-2 editable\">Comprenez et am\u00e9liorez l&#8217;image de votre marque en ligne en identifiant facilement tout ce qui se dit \u00e0 son propos sur le web et les r\u00e9seaux sociaux.<\/p>\n<div class=\"center cta mb-4\"><component data-id=\"buttons-demo-and-trial\"> <\/component><\/div>\n<div class=\"center editable illustration mt-xl-4 mb-xl-0 mb-4 \">\n<div class=\"image-multisources\">\n<div class=\"default editable\" data-title=\"Default image\"><a href=\"https:\/\/mention.com\/wp-content\/uploads\/2024\/05\/Visuel-24-Brand-Management.svg\"> <img decoding=\"async\" data-src=\"https:\/\/mention.com\/wp-content\/uploads\/2024\/05\/Visuel-24-Brand-Management.svg\" alt=\"\" width=\"300\" height=\"105\" class=\"alignnone size-medium wp-image-62363 lazyload\" src=\"data:image\/svg+xml;base64,PHN2ZyB3aWR0aD0iMSIgaGVpZ2h0PSIxIiB4bWxucz0iaHR0cDovL3d3dy53My5vcmcvMjAwMC9zdmciPjwvc3ZnPg==\" style=\"--smush-placeholder-width: 300px; --smush-placeholder-aspect-ratio: 300\/105;\" \/> <\/a><\/div>\n<div class=\"mobile editable\" data-title=\"Mobile device image\"><a href=\"https:\/\/stg-mentioncom-staging.kinsta.cloud\/wp-content\/uploads\/2024\/04\/Visuel-24-Brand-Management-mobile.svg\"> <\/a><\/div>\n<\/div>\n<\/div>\n<\/div>\n<\/section>\n<div class=\"admin-placeholder\"><span class=\"locked\"> <\/span><\/div>\n<section data-section-name=\"identify-and-react\" class=\"section section--identify-and-react background-switchable display-switchable deletable block-root\">\n<div class=\"two-sides two-sides--a-b\">\n<div class=\"area-b\">\n<div class=\"center editable\">\n<div class=\"image-multisources\">\n<div class=\"default editable\" data-title=\"Default image\"><a href=\"https:\/\/mention.com\/wp-content\/uploads\/2024\/05\/Visuel-26-Brand-Management-identify-and-react-quickly.svg\"> <img decoding=\"async\" data-src=\"https:\/\/mention.com\/wp-content\/uploads\/2024\/05\/Visuel-26-Brand-Management-identify-and-react-quickly.svg\" alt=\"\" width=\"300\" height=\"278\" class=\"alignnone size-medium wp-image-62366 lazyload\" src=\"data:image\/svg+xml;base64,PHN2ZyB3aWR0aD0iMSIgaGVpZ2h0PSIxIiB4bWxucz0iaHR0cDovL3d3dy53My5vcmcvMjAwMC9zdmciPjwvc3ZnPg==\" style=\"--smush-placeholder-width: 300px; --smush-placeholder-aspect-ratio: 300\/278;\" \/> <\/a><\/div>\n<div class=\"mobile editable\" data-title=\"Mobile device image\"><\/div>\n<\/div>\n<\/div>\n<\/div>\n<div class=\"area-a\">\n<h2 class=\"title font-40 font-xs-32 fw-700 mb-4 editable\">Identifiez ce que l&#8217;on dit de votre marque<\/h2>\n<p class=\"color-blue-dark font-16 font-xs-16 lh-xs-2 mb-0\">Rep\u00e9rez les mentions qui n\u00e9cessitent votre attention imm\u00e9diate : critiques, \u00e9loges ou questions sur vos produits ou services. D\u00e9couvrez en un coup d&#8217;\u0153il si les mentions sont positives ou n\u00e9gatives, sans m\u00eame les ouvrir. Passez ensuite \u00e0 l\u2019action pour r\u00e9soudre les incidents ou tisser des liens avec ceux qui soutiennent votre marque.<\/p>\n<\/div>\n<div class=\"area-c\"><component data-id=\"buttons-demo-and-trial\"> <\/component><\/div>\n<\/div>\n<\/section>\n<div class=\"admin-placeholder\"><span class=\"locked\"> <\/span><\/div>\n<section data-section-name=\"eliminate-the-noise\" class=\"section section--eliminate-the-noise background-switchable display-switchable deletable block-root background-light\">\n<div class=\"two-sides two-sides--b-a\">\n<div class=\"area-b mt-xs-3\">\n<div class=\"center editable\">\n<div class=\"image-multisources\">\n<div class=\"default editable\" data-title=\"Default image\"><a href=\"https:\/\/mention.com\/wp-content\/uploads\/2024\/05\/Visuel-27-Brand-Management-Eliminate-the-noise-to-focus.svg\"> <img decoding=\"async\" data-src=\"https:\/\/mention.com\/wp-content\/uploads\/2024\/05\/Visuel-27-Brand-Management-Eliminate-the-noise-to-focus.svg\" alt=\"\" width=\"300\" height=\"278\" class=\"alignnone size-medium wp-image-62369 lazyload\" src=\"data:image\/svg+xml;base64,PHN2ZyB3aWR0aD0iMSIgaGVpZ2h0PSIxIiB4bWxucz0iaHR0cDovL3d3dy53My5vcmcvMjAwMC9zdmciPjwvc3ZnPg==\" style=\"--smush-placeholder-width: 300px; --smush-placeholder-aspect-ratio: 300\/278;\" \/> <\/a><\/div>\n<div class=\"mobile editable\" data-title=\"Mobile device image\"><\/div>\n<\/div>\n<\/div>\n<\/div>\n<div class=\"area-a\">\n<h2 class=\"title font-40 font-xs-32 fw-700 mb-4 editable\">\u00c9liminez le bruit et concentrez-vous sur l\u2019essentiel<\/h2>\n<p class=\"color-blue-dark font-16 font-xs-16 mb-0\">Si vous avez un nom de marque g\u00e9n\u00e9rique, nous comprenons votre challenge\u202f! Suivez la r\u00e9putation de votre marque sereinement gr\u00e2ce \u00e0 nos options de raffinement des requ\u00eates et nos multiples filtres.<\/p>\n<\/div>\n<div class=\"area-c\"><component data-id=\"buttons-demo-and-trial\"> <\/component><\/div>\n<\/div>\n<\/section>\n<div class=\"admin-placeholder\"><span class=\"locked\"> <\/span><\/div>\n<section data-section-name=\"understand-your-brand\" class=\"section--understand-your-brand background-switchable display-switchable deletable block-root\">\n<div class=\"two-sides two-sides--a-b\">\n<div class=\"area-b mt-xs-3\">\n<div class=\"center editable\">\n<div class=\"image-multisources\">\n<div class=\"default editable\" data-title=\"Default image\"><a href=\"https:\/\/mention.com\/wp-content\/uploads\/2024\/05\/Visuel-28-Brand-Management-Understand-how-your-brand.svg\"> <img decoding=\"async\" data-src=\"https:\/\/mention.com\/wp-content\/uploads\/2024\/05\/Visuel-28-Brand-Management-Understand-how-your-brand.svg\" alt=\"\" width=\"300\" height=\"278\" class=\"alignnone size-medium wp-image-62372 lazyload\" src=\"data:image\/svg+xml;base64,PHN2ZyB3aWR0aD0iMSIgaGVpZ2h0PSIxIiB4bWxucz0iaHR0cDovL3d3dy53My5vcmcvMjAwMC9zdmciPjwvc3ZnPg==\" style=\"--smush-placeholder-width: 300px; --smush-placeholder-aspect-ratio: 300\/278;\" \/> <\/a><\/div>\n<div class=\"mobile editable\" data-title=\"Mobile device image\"><\/div>\n<\/div>\n<\/div>\n<\/div>\n<div class=\"area-a\">\n<h2 class=\"title font-40 font-xs-32 fw-700 mb-4 editable\">D\u00e9couvrez la v\u00e9ritable r\u00e9putation de votre marque<\/h2>\n<p class=\"color-blue-dark font-16 font-xs-16 lh-xs-2 mb-0\">Adieu les enqu\u00eates d\u2019opinion laiss\u00e9es sans r\u00e9ponse et les hypoth\u00e8ses non fond\u00e9es sur la r\u00e9putation de votre marque. Suivez sans effort tout ce qui se dit sur votre marque, identifiez le sentiment, l\u2019influence de votre marque, ainsi que tous les sujets qui y sont associ\u00e9s. Comprenez enfin ce qui se cache derri\u00e8re votre marque et renforcez son image aupr\u00e8s de vos cibles.<\/p>\n<\/div>\n<div class=\"area-c\"><component data-id=\"buttons-demo-and-trial\"> <\/component><\/div>\n<\/div>\n<\/section>\n<div class=\"admin-placeholder\"><span class=\"locked\"> <\/span><\/div>\n<section data-section-name=\"what-mention-can-do\" class=\"section section--what-mention-can-do background-switchable deletable block-root background-light\">\n<h2 class=\"title center font-40 font-xs-40 fw-700 mt-xs-3 mb-xs-4 mb-xl-4 editable\">Ce que Mention peut faire pour vous<\/h2>\n<div class=\"rounded-block-container children-same-height\">\n<div class=\"rounded-block background-white editable center block-root with-toolbar\"> Trouver des mentions sur plus d\u2019un milliard de sources<\/div>\n<div class=\"rounded-block background-white editable center block-root with-toolbar\"> Attribuer des mentions \u00e0 vos coll\u00e8gues<\/div>\n<div class=\"rounded-block background-white editable center block-root with-toolbar\"> D\u00e9couvrir votre image de marque<\/div>\n<div class=\"rounded-block background-white editable center block-root with-toolbar\"> Comprendre l&#8217;\u00e9volution de votre image de marque dans le temps<\/div>\n<div class=\"rounded-block background-white editable center block-root with-toolbar\"> Identifier des opportunit\u00e9s de croissance<\/div>\n<div class=\"rounded-block background-white editable center block-root with-toolbar\"> Identifier les canaux les plus adapt\u00e9s \u00e0 votre marque<\/div>\n<\/div>\n<\/section>\n<div class=\"admin-placeholder\"><span class=\"locked\"> <\/span><\/div>\n<section data-section-name=\"testimonies-mobile\" class=\"section section-testimonies-mobile testimonies mobile-only background-switchable display-switchable full-width deletable block-root\"> <component data-id=\"testimonies-carousel\"> <\/component><\/section>\n<div class=\"admin-placeholder\"><span class=\"locked\"> <\/span><\/div>\n<p><!-- ============================== \/\/--><\/p>\n<section data-section-name=\"testimonies\" class=\"section section--testimonies-desktop background-switchable display-switchable deletable block-root desktop-only\">\n<div class=\"background-light customer-cases-container\">\n<div class=\"row gx-5\">\n<div class=\"col col-6\">\n<div class=\"customer-case\">\n<p class=\"quote color-blue-dark mb-xl-1 editable \">\u201cLes dons que nous recevons sont investis \u00e0 parts \u00e9gales dans la d\u00e9fense des causes que nous d\u00e9fendons. Mention nous aide \u00e0 faire en sorte que notre communication refl\u00e8te \u00e9quitablement ces investissements\u201d<\/p>\n<p class=\"author color-blue-dark mb-xl-1 editable\">Nicolas Danicourt, Digital Manager, @Doctors of the World<\/p>\n<p class=\"read-more mb-xl-1 editable\"><a href=\"\/en?page_id=34736\" target=\"_blank\" rel=\"noopener\">Read more<\/a><\/p>\n<\/div>\n<div class=\"customer-case\">\n<p class=\"quote color-blue-dark mb-xl-1 editable\">\u201cNous consultons chaque jour notre Feed Mention pour nous assurer de ce qui est dit \u00e0 propos de notre marque. Mention nous permet de ne jamais laisser une conversation sans r\u00e9ponse.\u201d<\/p>\n<p class=\"author color-blue-dark mb-xl-1 editable \">Ashton Egner, Communications Manager, @Kiroo<\/p>\n<p class=\"read-more mb-xl-1 editable\"><a href=\"\/en?page_id=20678\" target=\"_blank\" rel=\"noopener\">Read more<\/a><\/p>\n<\/div>\n<div class=\"customer-logo-container\"><a href=\"https:\/\/www.capterra.com\/p\/149705\/Mention\/reviews\/\" target=\"_blank\" rel=\"noopener\"> <img decoding=\"async\" data-src=\"https:\/\/mention.com\/wp-content\/uploads\/2024\/05\/00.svg\" alt=\"\" width=\"69\" height=\"70\" class=\"alignnone size-full wp-image-62378 lazyload\" src=\"data:image\/svg+xml;base64,PHN2ZyB3aWR0aD0iMSIgaGVpZ2h0PSIxIiB4bWxucz0iaHR0cDovL3d3dy53My5vcmcvMjAwMC9zdmciPjwvc3ZnPg==\" style=\"--smush-placeholder-width: 69px; --smush-placeholder-aspect-ratio: 69\/70;\" \/> <\/a> <a href=\"https:\/\/www.g2.com\/products\/mention\/reviews\" target=\"_blank\" rel=\"noopener\"> <img decoding=\"async\" data-src=\"https:\/\/mention.com\/wp-content\/uploads\/2024\/05\/01.svg\" alt=\"\" width=\"71\" height=\"70\" class=\"alignnone size-full wp-image-62381 lazyload\" src=\"data:image\/svg+xml;base64,PHN2ZyB3aWR0aD0iMSIgaGVpZ2h0PSIxIiB4bWxucz0iaHR0cDovL3d3dy53My5vcmcvMjAwMC9zdmciPjwvc3ZnPg==\" style=\"--smush-placeholder-width: 71px; --smush-placeholder-aspect-ratio: 71\/70;\" \/> <\/a> <a href=\"https:\/\/www.trustradius.com\/products\/mention\/reviews#reviews\" target=\"_blank\" rel=\"noopener\"> <img decoding=\"async\" data-src=\"https:\/\/mention.com\/wp-content\/uploads\/2024\/05\/02.svg\" alt=\"\" width=\"71\" height=\"70\" class=\"alignnone size-full wp-image-62384 lazyload\" src=\"data:image\/svg+xml;base64,PHN2ZyB3aWR0aD0iMSIgaGVpZ2h0PSIxIiB4bWxucz0iaHR0cDovL3d3dy53My5vcmcvMjAwMC9zdmciPjwvc3ZnPg==\" style=\"--smush-placeholder-width: 71px; --smush-placeholder-aspect-ratio: 71\/70;\" \/> <\/a><\/div>\n<\/div>\n<div class=\"col col-6\">\n<div class=\"customer-case\">\n<div class=\"customer-illustration\">\n<div class=\"image-multisources\">\n<div class=\"default editable\" data-title=\"Default image\"><img decoding=\"async\" data-src=\"https:\/\/mention.com\/wp-content\/uploads\/2024\/05\/illustration-00.png\" alt=\"\" width=\"992\" height=\"566\" class=\"alignnone size-full wp-image-62375 lazyload\" src=\"data:image\/svg+xml;base64,PHN2ZyB3aWR0aD0iMSIgaGVpZ2h0PSIxIiB4bWxucz0iaHR0cDovL3d3dy53My5vcmcvMjAwMC9zdmciPjwvc3ZnPg==\" style=\"--smush-placeholder-width: 992px; --smush-placeholder-aspect-ratio: 992\/566;\" \/><\/div>\n<div class=\"mobile editable\" data-title=\"Mobile device image\"><\/div>\n<\/div>\n<\/div>\n<p class=\"quote color-blue-dark mb-xl-1 editable\">\u201cSi j&#8217;avais \u00e9crit exactement ce que j&#8217;attendais d&#8217;un outil de Monitoring, Mention aurait coch\u00e9 toutes les cases !\u201c<\/p>\n<p class=\"author color-blue-dark mb-xl-1 editable\">Jacqueline Hallock, Director of Marketing, @Champlain National Bank<\/p>\n<p class=\"read-more mb-xl-1 editable\"><a href=\"\/en?page_id=8378\" target=\"_blank\" rel=\"noopener\">Read more<\/a><\/p>\n<\/div>\n<\/div>\n<\/div>\n<\/div>\n<\/section>\n<div class=\"admin-placeholder\"><span class=\"locked\"> <\/span><\/div>\n<p><!-- ============================== \/\/--><\/p>\n<section data-section-name=\"secret-to-your-brand\" class=\"background-switchable display-switchable deletable block-root\"> <component data-id=\"secret-to-your-brand\"> <\/component><\/section>\n<div class=\"admin-placeholder\"><span class=\"locked\"> <\/span><\/div>\n<\/div>\n","protected":false},"excerpt":{"rendered":"<p>Musclez votre strat\u00e9gie de marque Comprenez et am\u00e9liorez l&#8217;image de votre marque en ligne en identifiant facilement tout ce qui se dit \u00e0 son propos sur le web et les r\u00e9seaux sociaux. Identifiez ce que l&#8217;on dit de votre marque Rep\u00e9rez les mentions qui n\u00e9cessitent votre attention imm\u00e9diate : critiques, \u00e9loges ou questions sur vos &hellip; <a href=\"https:\/\/mention.com\/fr\/gestion-de-marque\/\" class=\"more-link\">Continue reading <span class=\"screen-reader-text\">Cas d&#8217;usage &#8211; Gestion de marque<\/span><\/a><\/p>\n","protected":false},"author":34,"featured_media":0,"parent":0,"menu_order":0,"comment_status":"closed","ping_status":"closed","template":"frontpage.php","meta":{"_acf_changed":false,"inline_featured_image":false,"footnotes":""},"class_list":["post-26660","page","type-page","status-publish","hentry"],"acf":[],"yoast_head":"<!-- This site is optimized with the Yoast SEO plugin v27.6 - https:\/\/yoast.com\/product\/yoast-seo-wordpress\/ -->\n<title>Veille en ligne et strat\u00e9gie de marque | Gestion de marque avec Mention<\/title>\n<meta name=\"description\" content=\"G\u00e9rer votre marque en ligne en \u00e9coutant les conversations et en adaptant votre strat\u00e9gie de communication.\" \/>\n<meta name=\"robots\" content=\"index, follow, max-snippet:-1, max-image-preview:large, max-video-preview:-1\" \/>\n<link rel=\"canonical\" href=\"https:\/\/mention.com\/fr\/gestion-de-marque\/\" \/>\n<meta property=\"og:locale\" content=\"fr_FR\" \/>\n<meta property=\"og:type\" content=\"article\" \/>\n<meta property=\"og:title\" content=\"Veille en ligne et strat\u00e9gie de marque | Gestion de marque avec Mention\" \/>\n<meta property=\"og:description\" content=\"G\u00e9rer votre marque en ligne en \u00e9coutant les conversations et en adaptant votre strat\u00e9gie de communication.\" \/>\n<meta property=\"og:url\" content=\"https:\/\/mention.com\/fr\/gestion-de-marque\/\" \/>\n<meta property=\"og:site_name\" content=\"Mention\" \/>\n<meta property=\"article:modified_time\" content=\"2024-11-15T22:53:14+00:00\" \/>\n<meta property=\"og:image\" content=\"https:\/\/mention.com\/wp-content\/uploads\/2024\/05\/Visuel-24-Brand-Management.svg\" \/>\n<meta name=\"twitter:card\" content=\"summary_large_image\" \/>\n<meta name=\"twitter:label1\" content=\"Est. reading time\" \/>\n\t<meta name=\"twitter:data1\" content=\"4 minutes\" \/>\n<script type=\"application\/ld+json\" class=\"yoast-schema-graph\">{\"@context\":\"https:\\\/\\\/schema.org\",\"@graph\":[{\"@type\":\"WebPage\",\"@id\":\"https:\\\/\\\/mention.com\\\/fr\\\/gestion-de-marque\\\/\",\"url\":\"https:\\\/\\\/mention.com\\\/fr\\\/gestion-de-marque\\\/\",\"name\":\"Veille en ligne et strat\u00e9gie de marque | Gestion de marque avec Mention\",\"isPartOf\":{\"@id\":\"https:\\\/\\\/mention.com\\\/en\\\/#website\"},\"primaryImageOfPage\":{\"@id\":\"https:\\\/\\\/mention.com\\\/fr\\\/gestion-de-marque\\\/#primaryimage\"},\"image\":{\"@id\":\"https:\\\/\\\/mention.com\\\/fr\\\/gestion-de-marque\\\/#primaryimage\"},\"thumbnailUrl\":\"https:\\\/\\\/mention.com\\\/wp-content\\\/uploads\\\/2024\\\/05\\\/Visuel-24-Brand-Management.svg\",\"datePublished\":\"2019-10-22T18:36:30+00:00\",\"dateModified\":\"2024-11-15T22:53:14+00:00\",\"description\":\"G\u00e9rer votre marque en ligne en \u00e9coutant les conversations et en adaptant votre strat\u00e9gie de communication.\",\"breadcrumb\":{\"@id\":\"https:\\\/\\\/mention.com\\\/fr\\\/gestion-de-marque\\\/#breadcrumb\"},\"inLanguage\":\"fr\",\"potentialAction\":[{\"@type\":\"ReadAction\",\"target\":[\"https:\\\/\\\/mention.com\\\/fr\\\/gestion-de-marque\\\/\"]}]},{\"@type\":\"ImageObject\",\"inLanguage\":\"fr\",\"@id\":\"https:\\\/\\\/mention.com\\\/fr\\\/gestion-de-marque\\\/#primaryimage\",\"url\":\"https:\\\/\\\/mention.com\\\/wp-content\\\/uploads\\\/2024\\\/05\\\/Visuel-24-Brand-Management.svg\",\"contentUrl\":\"https:\\\/\\\/mention.com\\\/wp-content\\\/uploads\\\/2024\\\/05\\\/Visuel-24-Brand-Management.svg\"},{\"@type\":\"BreadcrumbList\",\"@id\":\"https:\\\/\\\/mention.com\\\/fr\\\/gestion-de-marque\\\/#breadcrumb\",\"itemListElement\":[{\"@type\":\"ListItem\",\"position\":1,\"name\":\"Home\",\"item\":\"https:\\\/\\\/mention.com\\\/fr\\\/\"},{\"@type\":\"ListItem\",\"position\":2,\"name\":\"Cas d&#8217;usage &#8211; Gestion de marque\"}]},{\"@type\":\"WebSite\",\"@id\":\"https:\\\/\\\/mention.com\\\/en\\\/#website\",\"url\":\"https:\\\/\\\/mention.com\\\/en\\\/\",\"name\":\"Mention\",\"description\":\"Veille en ligne\",\"publisher\":{\"@id\":\"https:\\\/\\\/mention.com\\\/en\\\/#organization\"},\"potentialAction\":[{\"@type\":\"SearchAction\",\"target\":{\"@type\":\"EntryPoint\",\"urlTemplate\":\"https:\\\/\\\/mention.com\\\/en\\\/?s={search_term_string}\"},\"query-input\":{\"@type\":\"PropertyValueSpecification\",\"valueRequired\":true,\"valueName\":\"search_term_string\"}}],\"inLanguage\":\"fr\"},{\"@type\":\"Organization\",\"@id\":\"https:\\\/\\\/mention.com\\\/en\\\/#organization\",\"name\":\"Mention\",\"url\":\"https:\\\/\\\/mention.com\\\/en\\\/\",\"logo\":{\"@type\":\"ImageObject\",\"inLanguage\":\"fr\",\"@id\":\"https:\\\/\\\/mention.com\\\/en\\\/#\\\/schema\\\/logo\\\/image\\\/\",\"url\":\"https:\\\/\\\/mention.com\\\/wp-content\\\/uploads\\\/2019\\\/04\\\/mention-about.png\",\"contentUrl\":\"https:\\\/\\\/mention.com\\\/wp-content\\\/uploads\\\/2019\\\/04\\\/mention-about.png\",\"width\":328,\"height\":76,\"caption\":\"Mention\"},\"image\":{\"@id\":\"https:\\\/\\\/mention.com\\\/en\\\/#\\\/schema\\\/logo\\\/image\\\/\"}}]}<\/script>\n<!-- \/ Yoast SEO plugin. -->","yoast_head_json":{"title":"Veille en ligne et strat\u00e9gie de marque | Gestion de marque avec Mention","description":"G\u00e9rer votre marque en ligne en \u00e9coutant les conversations et en adaptant votre strat\u00e9gie de communication.","robots":{"index":"index","follow":"follow","max-snippet":"max-snippet:-1","max-image-preview":"max-image-preview:large","max-video-preview":"max-video-preview:-1"},"canonical":"https:\/\/mention.com\/fr\/gestion-de-marque\/","og_locale":"fr_FR","og_type":"article","og_title":"Veille en ligne et strat\u00e9gie de marque | Gestion de marque avec Mention","og_description":"G\u00e9rer votre marque en ligne en \u00e9coutant les conversations et en adaptant votre strat\u00e9gie de communication.","og_url":"https:\/\/mention.com\/fr\/gestion-de-marque\/","og_site_name":"Mention","article_modified_time":"2024-11-15T22:53:14+00:00","og_image":[{"url":"https:\/\/mention.com\/wp-content\/uploads\/2024\/05\/Visuel-24-Brand-Management.svg","type":"","width":"","height":""}],"twitter_card":"summary_large_image","twitter_misc":{"Est. reading time":"4 minutes"},"schema":{"@context":"https:\/\/schema.org","@graph":[{"@type":"WebPage","@id":"https:\/\/mention.com\/fr\/gestion-de-marque\/","url":"https:\/\/mention.com\/fr\/gestion-de-marque\/","name":"Veille en ligne et strat\u00e9gie de marque | Gestion de marque avec Mention","isPartOf":{"@id":"https:\/\/mention.com\/en\/#website"},"primaryImageOfPage":{"@id":"https:\/\/mention.com\/fr\/gestion-de-marque\/#primaryimage"},"image":{"@id":"https:\/\/mention.com\/fr\/gestion-de-marque\/#primaryimage"},"thumbnailUrl":"https:\/\/mention.com\/wp-content\/uploads\/2024\/05\/Visuel-24-Brand-Management.svg","datePublished":"2019-10-22T18:36:30+00:00","dateModified":"2024-11-15T22:53:14+00:00","description":"G\u00e9rer votre marque en ligne en \u00e9coutant les conversations et en adaptant votre strat\u00e9gie de communication.","breadcrumb":{"@id":"https:\/\/mention.com\/fr\/gestion-de-marque\/#breadcrumb"},"inLanguage":"fr","potentialAction":[{"@type":"ReadAction","target":["https:\/\/mention.com\/fr\/gestion-de-marque\/"]}]},{"@type":"ImageObject","inLanguage":"fr","@id":"https:\/\/mention.com\/fr\/gestion-de-marque\/#primaryimage","url":"https:\/\/mention.com\/wp-content\/uploads\/2024\/05\/Visuel-24-Brand-Management.svg","contentUrl":"https:\/\/mention.com\/wp-content\/uploads\/2024\/05\/Visuel-24-Brand-Management.svg"},{"@type":"BreadcrumbList","@id":"https:\/\/mention.com\/fr\/gestion-de-marque\/#breadcrumb","itemListElement":[{"@type":"ListItem","position":1,"name":"Home","item":"https:\/\/mention.com\/fr\/"},{"@type":"ListItem","position":2,"name":"Cas d&#8217;usage &#8211; Gestion de marque"}]},{"@type":"WebSite","@id":"https:\/\/mention.com\/en\/#website","url":"https:\/\/mention.com\/en\/","name":"Mention","description":"Veille en ligne","publisher":{"@id":"https:\/\/mention.com\/en\/#organization"},"potentialAction":[{"@type":"SearchAction","target":{"@type":"EntryPoint","urlTemplate":"https:\/\/mention.com\/en\/?s={search_term_string}"},"query-input":{"@type":"PropertyValueSpecification","valueRequired":true,"valueName":"search_term_string"}}],"inLanguage":"fr"},{"@type":"Organization","@id":"https:\/\/mention.com\/en\/#organization","name":"Mention","url":"https:\/\/mention.com\/en\/","logo":{"@type":"ImageObject","inLanguage":"fr","@id":"https:\/\/mention.com\/en\/#\/schema\/logo\/image\/","url":"https:\/\/mention.com\/wp-content\/uploads\/2019\/04\/mention-about.png","contentUrl":"https:\/\/mention.com\/wp-content\/uploads\/2019\/04\/mention-about.png","width":328,"height":76,"caption":"Mention"},"image":{"@id":"https:\/\/mention.com\/en\/#\/schema\/logo\/image\/"}}]}},"_links":{"self":[{"href":"https:\/\/mention.com\/fr\/wp-json\/wp\/v2\/pages\/26660","targetHints":{"allow":["GET"]}}],"collection":[{"href":"https:\/\/mention.com\/fr\/wp-json\/wp\/v2\/pages"}],"about":[{"href":"https:\/\/mention.com\/fr\/wp-json\/wp\/v2\/types\/page"}],"author":[{"embeddable":true,"href":"https:\/\/mention.com\/fr\/wp-json\/wp\/v2\/users\/34"}],"replies":[{"embeddable":true,"href":"https:\/\/mention.com\/fr\/wp-json\/wp\/v2\/comments?post=26660"}],"version-history":[{"count":0,"href":"https:\/\/mention.com\/fr\/wp-json\/wp\/v2\/pages\/26660\/revisions"}],"wp:attachment":[{"href":"https:\/\/mention.com\/fr\/wp-json\/wp\/v2\/media?parent=26660"}],"curies":[{"name":"wp","href":"https:\/\/api.w.org\/{rel}","templated":true}]}}