{"id":26662,"date":"2019-10-22T18:36:21","date_gmt":"2019-10-22T18:36:21","guid":{"rendered":"https:\/\/mention.com\/competitive-analysis\/"},"modified":"2024-11-15T23:04:50","modified_gmt":"2024-11-15T23:04:50","slug":"veille-concurrentielle","status":"publish","type":"page","link":"https:\/\/mention.com\/fr\/veille-concurrentielle\/","title":{"rendered":"Cas d&#8217;usage &#8211; Veille concurrentielle"},"content":{"rendered":"<div data-page-group=\"use-case\" data-page-name=\"use-case-competitive-analysis\" data-lang=\"fr\" class=\"mention-2024 page-use-case page-use-case--competitive-analysis lang-fr\">\n<div class=\"admin-placeholder\"><span class=\"locked\"> <\/span><\/div>\n<section data-section-name=\"hero\" class=\"section section--hero hero frontpage pt-xs-0 deletable block-root background-switchable display-switchable background-light\">\n<div class=\"container\">\n<h1 class=\"title center font-40 font-xs-40 fw-700 mt-xs-3 mb-xl-2 editable\">Gardez une longueur d&#8217;avance sur vos <span class=\"text-highlighted\">concurrents<\/span><\/h1>\n<p class=\"subtitle font-16 font-xs-16 mb-4 mt-xs-2 editable\">Suivez et renforcez votre position sur le march\u00e9 en analysant chacun des mouvements de la concurrence.<\/p>\n<div class=\"center cta mb-4\"><component data-id=\"buttons-demo-and-trial\"> <\/component><\/div>\n<div class=\"center editable illustration mt-xl-4 mb-xl-0 mb-4 \">\n<div class=\"image-multisources\">\n<div class=\"default editable\" data-title=\"Default image\"><a href=\"https:\/\/mention.com\/wp-content\/uploads\/2024\/05\/competitive-analysis-hero-1.svg\"> <img decoding=\"async\" data-src=\"https:\/\/mention.com\/wp-content\/uploads\/2024\/05\/competitive-analysis-hero-1.svg\" alt=\"\" width=\"660\" height=\"275\" class=\"alignnone size-large wp-image-62295 lazyload\" src=\"data:image\/svg+xml;base64,PHN2ZyB3aWR0aD0iMSIgaGVpZ2h0PSIxIiB4bWxucz0iaHR0cDovL3d3dy53My5vcmcvMjAwMC9zdmciPjwvc3ZnPg==\" style=\"--smush-placeholder-width: 660px; --smush-placeholder-aspect-ratio: 660\/275;\" \/> <\/a><\/div>\n<div class=\"mobile editable\" data-title=\"Mobile device image\"><a href=\"https:\/\/stg-mentioncom-staging.kinsta.cloud\/wp-content\/uploads\/2024\/04\/Visuel-24-Brand-Management-mobile.svg\"> <\/a><\/div>\n<\/div>\n<\/div>\n<\/div>\n<\/section>\n<div class=\"admin-placeholder\"><span class=\"locked\"> <\/span><\/div>\n<section data-section-name=\"never-miss-important-information\" class=\"section section--never-miss-important-information background-switchable display-switchable deletable block-root\">\n<div class=\"two-sides two-sides--a-b\">\n<div class=\"area-b\">\n<div class=\"center editable\">\n<div class=\"image-multisources\">\n<div class=\"default editable\" data-title=\"Default image\"><img decoding=\"async\" data-src=\"https:\/\/mention.com\/wp-content\/uploads\/2024\/05\/competitive-analysis-bloc-1.svg\" alt=\"\" width=\"660\" height=\"611\" class=\"alignnone size-large wp-image-62261 lazyload\" src=\"data:image\/svg+xml;base64,PHN2ZyB3aWR0aD0iMSIgaGVpZ2h0PSIxIiB4bWxucz0iaHR0cDovL3d3dy53My5vcmcvMjAwMC9zdmciPjwvc3ZnPg==\" style=\"--smush-placeholder-width: 660px; --smush-placeholder-aspect-ratio: 660\/611;\" \/><\/div>\n<div class=\"mobile editable\" data-title=\"Mobile device image\"><\/div>\n<\/div>\n<\/div>\n<\/div>\n<div class=\"area-a\">\n<h2 class=\"title font-40 font-xs-32 fw-700 mb-4 editable\">Ne ratez jamais d&#8217;informations sur vos concurrents<\/h2>\n<p class=\"color-blue-dark font-16 font-xs-16 lh-xs-2 mb-0\">Collectez des informations \u00e0 travers plus d\u2019un milliard de sources et d\u00e9couvrez tous les secrets de vos concurrents, de l\u2019\u00e9volution de leurs offres, aux lancements de produits, jusqu\u2019\u00e0 la r\u00e9ceptivit\u00e9 de leur audience. \u00c0 vous de jouer ensuite pour maintenir ou gagner des positions sur le march\u00e9.<\/p>\n<\/div>\n<div class=\"area-c\"><component data-id=\"buttons-demo-and-trial\"> <\/component><\/div>\n<\/div>\n<\/section>\n<div class=\"admin-placeholder\"><span class=\"locked\"> <\/span><\/div>\n<section data-section-name=\"outshine-the-competition\" class=\"section section--outshine-the-competition background-switchable display-switchable deletable block-root background-light\">\n<div class=\"two-sides two-sides--b-a\">\n<div class=\"area-b\">\n<div class=\"center editable\">\n<div class=\"image-multisources\">\n<div class=\"default editable\" data-title=\"Default image\"><img decoding=\"async\" data-src=\"https:\/\/mention.com\/wp-content\/uploads\/2024\/05\/competitive-analysis-bloc-2.svg\" alt=\"\" width=\"660\" height=\"611\" class=\"alignnone size-large wp-image-62264 lazyload\" src=\"data:image\/svg+xml;base64,PHN2ZyB3aWR0aD0iMSIgaGVpZ2h0PSIxIiB4bWxucz0iaHR0cDovL3d3dy53My5vcmcvMjAwMC9zdmciPjwvc3ZnPg==\" style=\"--smush-placeholder-width: 660px; --smush-placeholder-aspect-ratio: 660\/611;\" \/><\/div>\n<div class=\"mobile editable\" data-title=\"Mobile device image\"><\/div>\n<\/div>\n<\/div>\n<\/div>\n<div class=\"area-a\">\n<h2 class=\"title font-40 font-xs-32 fw-700 mb-4 editable\">Eclipsez vos concurrents<\/h2>\n<p class=\"color-blue-dark font-16 font-xs-16 mb-0\">Comparez votre part de voix sur les r\u00e9seaux \u00e0 celles de vos concurrents, identifiez leur strat\u00e9gie \u00e9ditoriale (sujets trait\u00e9s, jours d\u2019activit\u00e9, etc.) et la r\u00e9ceptivit\u00e9 de leur audience au travers de l\u2019analyse des sentiments. Ces informations vous permettront de d\u00e9finir votre plan d\u2019action pour \u00e9clipser vos concurrents.<\/p>\n<\/div>\n<div class=\"area-c\"><component data-id=\"buttons-demo-and-trial\"> <\/component><\/div>\n<\/div>\n<\/section>\n<div class=\"admin-placeholder\"><span class=\"locked\"> <\/span><\/div>\n<section data-section-name=\"observe-their-tactics\" class=\"section section--observe-their-tactics background-switchable display-switchable deletable block-root\">\n<div class=\"two-sides two-sides--a-b\">\n<div class=\"area-b\">\n<div class=\"center editable\">\n<div class=\"image-multisources\">\n<div class=\"default editable\" data-title=\"Default image\"><img decoding=\"async\" data-src=\"https:\/\/mention.com\/wp-content\/uploads\/2024\/05\/competitive-analysis-bloc-3.svg\" alt=\"\" width=\"660\" height=\"611\" class=\"alignnone size-large wp-image-62267 lazyload\" src=\"data:image\/svg+xml;base64,PHN2ZyB3aWR0aD0iMSIgaGVpZ2h0PSIxIiB4bWxucz0iaHR0cDovL3d3dy53My5vcmcvMjAwMC9zdmciPjwvc3ZnPg==\" style=\"--smush-placeholder-width: 660px; --smush-placeholder-aspect-ratio: 660\/611;\" \/><\/div>\n<div class=\"mobile editable\" data-title=\"Mobile device image\"><\/div>\n<\/div>\n<\/div>\n<\/div>\n<div class=\"area-a\">\n<h2 class=\"title font-40 font-xs-32 fw-700 mb-4 editable\">\u00c9laborez une strat\u00e9gie gagnante<\/h2>\n<p class=\"color-blue-dark font-16 font-xs-16 lh-xs-2 mb-0\">Identifiez les principaux influenceurs et partenariats \u00e0 l&#8217;origine du succ\u00e8s de vos concurrents. Arm\u00e9 de ces informations, cr\u00e9ez votre communaut\u00e9 et vos alliances pour gagner du terrain sur le march\u00e9. Mention est votre alli\u00e9 strat\u00e9gique pour rendre actionnable votre veille concurrentielle.<\/p>\n<\/div>\n<div class=\"area-c\"><component data-id=\"buttons-demo-and-trial\"> <\/component><\/div>\n<\/div>\n<\/section>\n<div class=\"admin-placeholder\"><span class=\"locked\"> <\/span><\/div>\n<section data-section-name=\"what-mention-can-do\" class=\"section section--what-mention-can-do background-switchable deletable block-root background-light\">\n<h2 class=\"title center font-40 font-xs-40 fw-700 mt-xs-3 mb-xs-4 mb-xl-4 editable\">Ce que Mention peut faire pour vous<\/h2>\n<div class=\"rounded-block-container children-same-height\">\n<div class=\"rounded-block background-white editable center block-root with-toolbar\"> D\u00e9couvrir les avis clients de vos concurrents<\/div>\n<div class=\"rounded-block background-white editable center block-root with-toolbar\"> Comparer votre strat\u00e9gie sur les r\u00e9seaux sociaux<\/div>\n<div class=\"rounded-block background-white editable center block-root with-toolbar\"> Mesurer votre part de voix sur votre march\u00e9<\/div>\n<div class=\"rounded-block background-white editable center block-root with-toolbar\"> Identifier les \u00e9volutions des produits de vos concurrents<\/div>\n<div class=\"rounded-block background-white editable center block-root with-toolbar\"> Enrichir vos dashboards d\u2019analyse concurrentielle<\/div>\n<div class=\"rounded-block background-white editable center block-root with-toolbar\"> Acc\u00e9der aux donn\u00e9es historiques sur vos concurrents<\/div>\n<\/div>\n<\/section>\n<div class=\"admin-placeholder\"><span class=\"locked\"> <\/span><\/div>\n<section data-section-name=\"testimonies-mobile\" class=\"section section--testimonies-mobile testimonies mobile-only background-switchable display-switchable full-width deletable block-root\"> <component data-id=\"testimonies-carousel\"> <\/component><\/section>\n<div class=\"admin-placeholder\"><span class=\"locked\"> <\/span><\/div>\n<p><!-- ============================== \/\/--><\/p>\n<section data-section-name=\"testimonies\" class=\"section section--testimonies-desktop background-switchable display-switchable deletable block-root desktop-only\">\n<div class=\"background-light customer-cases-container\">\n<div class=\"row gx-5\">\n<div class=\"col col-6\">\n<div class=\"customer-case\">\n<p class=\"quote color-blue-dark mb-xl-1 editable \">\u201cLe march\u00e9 des outils de gestion de webinar est tr\u00e8s concurrentiel. Il existe une multitude d&#8217;autres logiciels, chacun avec ses diff\u00e9rences, mais nous faisons tous des webinaires. Mention est essentiel pour identifier ce qui se dit de nous ou de nos concurrents afin de nous aider \u00e0 diff\u00e9rencier notre offre sur le march\u00e9.\u201d<\/p>\n<p class=\"author color-blue-dark mb-xl-1 editable\">Thibaut Davoult, Growth engineer, @Livestorm<\/p>\n<p class=\"read-more mb-xl-1 editable\"><a href=\"\/en?page_id=8454\" target=\"_blank\" rel=\"noopener\">Read more<\/a><\/p>\n<\/div>\n<div class=\"customer-case\">\n<p class=\"quote color-blue-dark mb-xl-1 editable\">\u201cNous voulions am\u00e9liorer notre analyse concurrentielle, notamment pour identifier les probl\u00e8mes que rencontrent leurs utilisateurs. Mention nous permet de les identifier et d\u2019\u00e9viter de les r\u00e9pliquer.\u201d<\/p>\n<p class=\"author color-blue-dark mb-xl-1 editable \">Allie Goodsby, Social Media Specialist @Kajabi<\/p>\n<p class=\"read-more mb-xl-1 editable\"><a href=\"\/en?page_id=8360\" target=\"_blank\" rel=\"noopener\">Read more<\/a><\/p>\n<\/div>\n<div class=\"customer-logo-container\"><a href=\"https:\/\/www.capterra.com\/p\/149705\/Mention\/reviews\/\" target=\"_blank\" rel=\"noopener\"> <img decoding=\"async\" data-src=\"https:\/\/mention.com\/wp-content\/uploads\/2024\/05\/00.svg\" alt=\"\" width=\"69\" height=\"70\" class=\"alignnone size-full wp-image-62378 lazyload\" src=\"data:image\/svg+xml;base64,PHN2ZyB3aWR0aD0iMSIgaGVpZ2h0PSIxIiB4bWxucz0iaHR0cDovL3d3dy53My5vcmcvMjAwMC9zdmciPjwvc3ZnPg==\" style=\"--smush-placeholder-width: 69px; --smush-placeholder-aspect-ratio: 69\/70;\" \/> <\/a> <a href=\"https:\/\/www.g2.com\/products\/mention\/reviews\" target=\"_blank\" rel=\"noopener\"> <img decoding=\"async\" data-src=\"https:\/\/mention.com\/wp-content\/uploads\/2024\/05\/01.svg\" alt=\"\" width=\"71\" height=\"70\" class=\"alignnone size-full wp-image-62381 lazyload\" src=\"data:image\/svg+xml;base64,PHN2ZyB3aWR0aD0iMSIgaGVpZ2h0PSIxIiB4bWxucz0iaHR0cDovL3d3dy53My5vcmcvMjAwMC9zdmciPjwvc3ZnPg==\" style=\"--smush-placeholder-width: 71px; --smush-placeholder-aspect-ratio: 71\/70;\" \/> <\/a> <a href=\"https:\/\/www.trustradius.com\/products\/mention\/reviews#reviews\" target=\"_blank\" rel=\"noopener\"> <img decoding=\"async\" data-src=\"https:\/\/mention.com\/wp-content\/uploads\/2024\/05\/02.svg\" alt=\"\" width=\"71\" height=\"70\" class=\"alignnone size-full wp-image-62384 lazyload\" src=\"data:image\/svg+xml;base64,PHN2ZyB3aWR0aD0iMSIgaGVpZ2h0PSIxIiB4bWxucz0iaHR0cDovL3d3dy53My5vcmcvMjAwMC9zdmciPjwvc3ZnPg==\" style=\"--smush-placeholder-width: 71px; --smush-placeholder-aspect-ratio: 71\/70;\" \/> <\/a><\/div>\n<\/div>\n<div class=\"col col-6\">\n<div class=\"customer-case\">\n<div class=\"customer-illustration\">\n<div class=\"image-multisources\">\n<div class=\"default editable\" data-title=\"Default image\"><img decoding=\"async\" data-src=\"https:\/\/mention.com\/wp-content\/uploads\/2024\/05\/competitive-analysis-testimonies-1024x585.jpg\" alt=\"\" width=\"660\" height=\"377\" class=\"alignnone size-large wp-image-62273 lazyload\" data-srcset=\"https:\/\/mention.com\/wp-content\/uploads\/2024\/05\/competitive-analysis-testimonies-1024x585.jpg 1024w, https:\/\/mention.com\/wp-content\/uploads\/2024\/05\/competitive-analysis-testimonies-300x171.jpg 300w, https:\/\/mention.com\/wp-content\/uploads\/2024\/05\/competitive-analysis-testimonies-768x439.jpg 768w, https:\/\/mention.com\/wp-content\/uploads\/2024\/05\/competitive-analysis-testimonies.jpg 1400w\" data-sizes=\"(max-width: 660px) 100vw, 660px\" src=\"data:image\/svg+xml;base64,PHN2ZyB3aWR0aD0iMSIgaGVpZ2h0PSIxIiB4bWxucz0iaHR0cDovL3d3dy53My5vcmcvMjAwMC9zdmciPjwvc3ZnPg==\" style=\"--smush-placeholder-width: 660px; --smush-placeholder-aspect-ratio: 660\/377;\" \/><\/div>\n<div class=\"mobile editable\" data-title=\"Mobile device image\"><\/div>\n<\/div>\n<\/div>\n<p class=\"quote color-blue-dark mb-xl-1 editable\">\u201cLorsque nous lan\u00e7ons un nouveau produit ou une nouvelle campagne, il est important de voir comment l&#8217;augmentation de nos mentions affecte nos concurrents, et aussi ce que les gens disent de ces entreprises.\u201d<\/p>\n<p class=\"author color-blue-dark mb-xl-1 editable\">Andrea Fallas, Digital Integration Director @Mc Cann<\/p>\n<p class=\"read-more mb-xl-1 editable\"><a href=\"\/en?page_id=6938\" target=\"_blank\" rel=\"noopener\">Read more<\/a><\/p>\n<\/div>\n<\/div>\n<\/div>\n<\/div>\n<\/section>\n<div class=\"admin-placeholder\"><span class=\"locked\"> <\/span><\/div>\n<p><!-- ============================== \/\/--><\/p>\n<section data-section-name=\"secret-to-your-brand\" class=\"background-switchable display-switchable deletable block-root\"> <component data-id=\"secret-to-your-brand\"> <\/component><\/section>\n<div class=\"admin-placeholder\"><span class=\"locked\"> <\/span><\/div>\n<\/div>\n","protected":false},"excerpt":{"rendered":"<p>Gardez une longueur d&#8217;avance sur vos concurrents Suivez et renforcez votre position sur le march\u00e9 en analysant chacun des mouvements de la concurrence. Ne ratez jamais d&#8217;informations sur vos concurrents Collectez des informations \u00e0 travers plus d\u2019un milliard de sources et d\u00e9couvrez tous les secrets de vos concurrents, de l\u2019\u00e9volution de leurs offres, aux lancements &hellip; <a href=\"https:\/\/mention.com\/fr\/veille-concurrentielle\/\" class=\"more-link\">Continue reading <span class=\"screen-reader-text\">Cas d&#8217;usage &#8211; Veille concurrentielle<\/span><\/a><\/p>\n","protected":false},"author":34,"featured_media":0,"parent":0,"menu_order":0,"comment_status":"closed","ping_status":"closed","template":"frontpage.php","meta":{"_acf_changed":false,"inline_featured_image":false,"footnotes":""},"class_list":["post-26662","page","type-page","status-publish","hentry"],"acf":[],"yoast_head":"<!-- This site is optimized with the Yoast SEO plugin v27.5 - https:\/\/yoast.com\/product\/yoast-seo-wordpress\/ -->\n<title>Espionnez vos concurrents | Veille concurrentielle avec Mention<\/title>\n<meta name=\"description\" content=\"Les capacit\u00e9s de veille et d&#039;analyse de Mention vous permettent de comprendre ce que font vos concurrents : lancement produit, campagnes de communication, \u00e9v\u00e8nements, etc.\" \/>\n<meta name=\"robots\" content=\"index, follow, max-snippet:-1, max-image-preview:large, max-video-preview:-1\" \/>\n<link rel=\"canonical\" href=\"https:\/\/mention.com\/fr\/veille-concurrentielle\/\" \/>\n<meta property=\"og:locale\" content=\"fr_FR\" \/>\n<meta property=\"og:type\" content=\"article\" \/>\n<meta property=\"og:title\" content=\"Espionnez vos concurrents | Veille concurrentielle avec Mention\" \/>\n<meta property=\"og:description\" content=\"Les capacit\u00e9s de veille et d&#039;analyse de Mention vous permettent de comprendre ce que font vos concurrents : lancement produit, campagnes de communication, \u00e9v\u00e8nements, etc.\" \/>\n<meta property=\"og:url\" content=\"https:\/\/mention.com\/fr\/veille-concurrentielle\/\" \/>\n<meta property=\"og:site_name\" content=\"Mention\" \/>\n<meta property=\"article:modified_time\" content=\"2024-11-15T23:04:50+00:00\" \/>\n<meta property=\"og:image\" content=\"https:\/\/mention.com\/wp-content\/uploads\/2024\/05\/competitive-analysis-hero-1.svg\" \/>\n<meta name=\"twitter:card\" content=\"summary_large_image\" \/>\n<meta name=\"twitter:label1\" content=\"Est. reading time\" \/>\n\t<meta name=\"twitter:data1\" content=\"4 minutes\" \/>\n<script type=\"application\/ld+json\" class=\"yoast-schema-graph\">{\"@context\":\"https:\\\/\\\/schema.org\",\"@graph\":[{\"@type\":\"WebPage\",\"@id\":\"https:\\\/\\\/mention.com\\\/fr\\\/veille-concurrentielle\\\/\",\"url\":\"https:\\\/\\\/mention.com\\\/fr\\\/veille-concurrentielle\\\/\",\"name\":\"Espionnez vos concurrents | Veille concurrentielle avec Mention\",\"isPartOf\":{\"@id\":\"https:\\\/\\\/mention.com\\\/en\\\/#website\"},\"primaryImageOfPage\":{\"@id\":\"https:\\\/\\\/mention.com\\\/fr\\\/veille-concurrentielle\\\/#primaryimage\"},\"image\":{\"@id\":\"https:\\\/\\\/mention.com\\\/fr\\\/veille-concurrentielle\\\/#primaryimage\"},\"thumbnailUrl\":\"https:\\\/\\\/mention.com\\\/wp-content\\\/uploads\\\/2024\\\/05\\\/competitive-analysis-hero-1.svg\",\"datePublished\":\"2019-10-22T18:36:21+00:00\",\"dateModified\":\"2024-11-15T23:04:50+00:00\",\"description\":\"Les capacit\u00e9s de veille et d'analyse de Mention vous permettent de comprendre ce que font vos concurrents : lancement produit, campagnes de communication, \u00e9v\u00e8nements, etc.\",\"breadcrumb\":{\"@id\":\"https:\\\/\\\/mention.com\\\/fr\\\/veille-concurrentielle\\\/#breadcrumb\"},\"inLanguage\":\"fr\",\"potentialAction\":[{\"@type\":\"ReadAction\",\"target\":[\"https:\\\/\\\/mention.com\\\/fr\\\/veille-concurrentielle\\\/\"]}]},{\"@type\":\"ImageObject\",\"inLanguage\":\"fr\",\"@id\":\"https:\\\/\\\/mention.com\\\/fr\\\/veille-concurrentielle\\\/#primaryimage\",\"url\":\"https:\\\/\\\/mention.com\\\/wp-content\\\/uploads\\\/2024\\\/05\\\/competitive-analysis-hero-1.svg\",\"contentUrl\":\"https:\\\/\\\/mention.com\\\/wp-content\\\/uploads\\\/2024\\\/05\\\/competitive-analysis-hero-1.svg\"},{\"@type\":\"BreadcrumbList\",\"@id\":\"https:\\\/\\\/mention.com\\\/fr\\\/veille-concurrentielle\\\/#breadcrumb\",\"itemListElement\":[{\"@type\":\"ListItem\",\"position\":1,\"name\":\"Home\",\"item\":\"https:\\\/\\\/mention.com\\\/fr\\\/\"},{\"@type\":\"ListItem\",\"position\":2,\"name\":\"Cas d&#8217;usage &#8211; Veille concurrentielle\"}]},{\"@type\":\"WebSite\",\"@id\":\"https:\\\/\\\/mention.com\\\/en\\\/#website\",\"url\":\"https:\\\/\\\/mention.com\\\/en\\\/\",\"name\":\"Mention\",\"description\":\"Veille en ligne\",\"publisher\":{\"@id\":\"https:\\\/\\\/mention.com\\\/en\\\/#organization\"},\"potentialAction\":[{\"@type\":\"SearchAction\",\"target\":{\"@type\":\"EntryPoint\",\"urlTemplate\":\"https:\\\/\\\/mention.com\\\/en\\\/?s={search_term_string}\"},\"query-input\":{\"@type\":\"PropertyValueSpecification\",\"valueRequired\":true,\"valueName\":\"search_term_string\"}}],\"inLanguage\":\"fr\"},{\"@type\":\"Organization\",\"@id\":\"https:\\\/\\\/mention.com\\\/en\\\/#organization\",\"name\":\"Mention\",\"url\":\"https:\\\/\\\/mention.com\\\/en\\\/\",\"logo\":{\"@type\":\"ImageObject\",\"inLanguage\":\"fr\",\"@id\":\"https:\\\/\\\/mention.com\\\/en\\\/#\\\/schema\\\/logo\\\/image\\\/\",\"url\":\"https:\\\/\\\/mention.com\\\/wp-content\\\/uploads\\\/2019\\\/04\\\/mention-about.png\",\"contentUrl\":\"https:\\\/\\\/mention.com\\\/wp-content\\\/uploads\\\/2019\\\/04\\\/mention-about.png\",\"width\":328,\"height\":76,\"caption\":\"Mention\"},\"image\":{\"@id\":\"https:\\\/\\\/mention.com\\\/en\\\/#\\\/schema\\\/logo\\\/image\\\/\"}}]}<\/script>\n<!-- \/ Yoast SEO plugin. -->","yoast_head_json":{"title":"Espionnez vos concurrents | Veille concurrentielle avec Mention","description":"Les capacit\u00e9s de veille et d'analyse de Mention vous permettent de comprendre ce que font vos concurrents : lancement produit, campagnes de communication, \u00e9v\u00e8nements, etc.","robots":{"index":"index","follow":"follow","max-snippet":"max-snippet:-1","max-image-preview":"max-image-preview:large","max-video-preview":"max-video-preview:-1"},"canonical":"https:\/\/mention.com\/fr\/veille-concurrentielle\/","og_locale":"fr_FR","og_type":"article","og_title":"Espionnez vos concurrents | Veille concurrentielle avec Mention","og_description":"Les capacit\u00e9s de veille et d'analyse de Mention vous permettent de comprendre ce que font vos concurrents : lancement produit, campagnes de communication, \u00e9v\u00e8nements, etc.","og_url":"https:\/\/mention.com\/fr\/veille-concurrentielle\/","og_site_name":"Mention","article_modified_time":"2024-11-15T23:04:50+00:00","og_image":[{"url":"https:\/\/mention.com\/wp-content\/uploads\/2024\/05\/competitive-analysis-hero-1.svg","type":"","width":"","height":""}],"twitter_card":"summary_large_image","twitter_misc":{"Est. reading time":"4 minutes"},"schema":{"@context":"https:\/\/schema.org","@graph":[{"@type":"WebPage","@id":"https:\/\/mention.com\/fr\/veille-concurrentielle\/","url":"https:\/\/mention.com\/fr\/veille-concurrentielle\/","name":"Espionnez vos concurrents | Veille concurrentielle avec Mention","isPartOf":{"@id":"https:\/\/mention.com\/en\/#website"},"primaryImageOfPage":{"@id":"https:\/\/mention.com\/fr\/veille-concurrentielle\/#primaryimage"},"image":{"@id":"https:\/\/mention.com\/fr\/veille-concurrentielle\/#primaryimage"},"thumbnailUrl":"https:\/\/mention.com\/wp-content\/uploads\/2024\/05\/competitive-analysis-hero-1.svg","datePublished":"2019-10-22T18:36:21+00:00","dateModified":"2024-11-15T23:04:50+00:00","description":"Les capacit\u00e9s de veille et d'analyse de Mention vous permettent de comprendre ce que font vos concurrents : lancement produit, campagnes de communication, \u00e9v\u00e8nements, etc.","breadcrumb":{"@id":"https:\/\/mention.com\/fr\/veille-concurrentielle\/#breadcrumb"},"inLanguage":"fr","potentialAction":[{"@type":"ReadAction","target":["https:\/\/mention.com\/fr\/veille-concurrentielle\/"]}]},{"@type":"ImageObject","inLanguage":"fr","@id":"https:\/\/mention.com\/fr\/veille-concurrentielle\/#primaryimage","url":"https:\/\/mention.com\/wp-content\/uploads\/2024\/05\/competitive-analysis-hero-1.svg","contentUrl":"https:\/\/mention.com\/wp-content\/uploads\/2024\/05\/competitive-analysis-hero-1.svg"},{"@type":"BreadcrumbList","@id":"https:\/\/mention.com\/fr\/veille-concurrentielle\/#breadcrumb","itemListElement":[{"@type":"ListItem","position":1,"name":"Home","item":"https:\/\/mention.com\/fr\/"},{"@type":"ListItem","position":2,"name":"Cas d&#8217;usage &#8211; Veille concurrentielle"}]},{"@type":"WebSite","@id":"https:\/\/mention.com\/en\/#website","url":"https:\/\/mention.com\/en\/","name":"Mention","description":"Veille en ligne","publisher":{"@id":"https:\/\/mention.com\/en\/#organization"},"potentialAction":[{"@type":"SearchAction","target":{"@type":"EntryPoint","urlTemplate":"https:\/\/mention.com\/en\/?s={search_term_string}"},"query-input":{"@type":"PropertyValueSpecification","valueRequired":true,"valueName":"search_term_string"}}],"inLanguage":"fr"},{"@type":"Organization","@id":"https:\/\/mention.com\/en\/#organization","name":"Mention","url":"https:\/\/mention.com\/en\/","logo":{"@type":"ImageObject","inLanguage":"fr","@id":"https:\/\/mention.com\/en\/#\/schema\/logo\/image\/","url":"https:\/\/mention.com\/wp-content\/uploads\/2019\/04\/mention-about.png","contentUrl":"https:\/\/mention.com\/wp-content\/uploads\/2019\/04\/mention-about.png","width":328,"height":76,"caption":"Mention"},"image":{"@id":"https:\/\/mention.com\/en\/#\/schema\/logo\/image\/"}}]}},"_links":{"self":[{"href":"https:\/\/mention.com\/fr\/wp-json\/wp\/v2\/pages\/26662","targetHints":{"allow":["GET"]}}],"collection":[{"href":"https:\/\/mention.com\/fr\/wp-json\/wp\/v2\/pages"}],"about":[{"href":"https:\/\/mention.com\/fr\/wp-json\/wp\/v2\/types\/page"}],"author":[{"embeddable":true,"href":"https:\/\/mention.com\/fr\/wp-json\/wp\/v2\/users\/34"}],"replies":[{"embeddable":true,"href":"https:\/\/mention.com\/fr\/wp-json\/wp\/v2\/comments?post=26662"}],"version-history":[{"count":0,"href":"https:\/\/mention.com\/fr\/wp-json\/wp\/v2\/pages\/26662\/revisions"}],"wp:attachment":[{"href":"https:\/\/mention.com\/fr\/wp-json\/wp\/v2\/media?parent=26662"}],"curies":[{"name":"wp","href":"https:\/\/api.w.org\/{rel}","templated":true}]}}