{"id":58001,"date":"2023-06-30T16:28:33","date_gmt":"2023-06-30T16:28:33","guid":{"rendered":"https:\/\/mention.com\/?page_id=58001"},"modified":"2023-10-23T13:04:13","modified_gmt":"2023-10-23T13:04:13","slug":"minnesota-state","status":"publish","type":"page","link":"https:\/\/mention.com\/fr\/minnesota-state\/","title":{"rendered":"Mention Customer \u2013 Minnesota State &#8211; FR"},"content":{"rendered":"","protected":false},"excerpt":{"rendered":"","protected":false},"author":293,"featured_media":0,"parent":0,"menu_order":0,"comment_status":"closed","ping_status":"closed","template":"templates\/caseStudy.php","meta":{"_acf_changed":false,"inline_featured_image":false,"footnotes":""},"class_list":["post-58001","page","type-page","status-publish","hentry"],"acf":[],"yoast_head":"<!-- This site is optimized with the Yoast SEO plugin v27.5 - https:\/\/yoast.com\/product\/yoast-seo-wordpress\/ -->\n<title>Comment l&#039;\u00c9tat du Minnesota utilise Mention<\/title>\n<meta name=\"description\" content=\"D\u00e9couvrez comment l&#039;\u00c9tat du Minnesota utilise Mention pour stimuler l&#039;engagement, suivre la r\u00e9putation et optimiser les processus de m\u00e9dias sociaux.\" \/>\n<meta name=\"robots\" content=\"index, follow, max-snippet:-1, max-image-preview:large, max-video-preview:-1\" \/>\n<link rel=\"canonical\" href=\"https:\/\/mention.com\/fr\/minnesota-state\/\" \/>\n<meta property=\"og:locale\" content=\"fr_FR\" \/>\n<meta property=\"og:type\" content=\"article\" \/>\n<meta property=\"og:title\" content=\"Comment l&#039;\u00c9tat du Minnesota utilise Mention\" \/>\n<meta property=\"og:description\" content=\"D\u00e9couvrez comment l&#039;\u00c9tat du Minnesota utilise Mention pour stimuler l&#039;engagement, suivre la r\u00e9putation et optimiser les processus de m\u00e9dias sociaux.\" \/>\n<meta property=\"og:url\" content=\"https:\/\/mention.com\/fr\/minnesota-state\/\" \/>\n<meta property=\"og:site_name\" content=\"Mention\" \/>\n<meta property=\"article:modified_time\" content=\"2023-10-23T13:04:13+00:00\" \/>\n<meta property=\"og:image\" content=\"https:\/\/mention.com\/wp-content\/uploads\/2023\/06\/minnesota-state-cover.jpg\" \/>\n\t<meta property=\"og:image:width\" content=\"620\" \/>\n\t<meta property=\"og:image:height\" content=\"400\" \/>\n\t<meta property=\"og:image:type\" content=\"image\/jpeg\" \/>\n<meta name=\"twitter:card\" content=\"summary_large_image\" \/>\n<meta name=\"twitter:title\" content=\"Comment l&#039;\u00c9tat du Minnesota utilise Mention\" \/>\n<meta name=\"twitter:description\" content=\"D\u00e9couvrez comment l&#039;\u00c9tat du Minnesota utilise Mention pour stimuler l&#039;engagement, suivre la r\u00e9putation et optimiser les processus de m\u00e9dias sociaux.\" \/>\n<meta name=\"twitter:image\" content=\"https:\/\/mention.com\/wp-content\/uploads\/2023\/06\/minnesota-state-cover.jpg\" \/>\n<script type=\"application\/ld+json\" class=\"yoast-schema-graph\">{\"@context\":\"https:\\\/\\\/schema.org\",\"@graph\":[{\"@type\":\"WebPage\",\"@id\":\"https:\\\/\\\/mention.com\\\/fr\\\/minnesota-state\\\/\",\"url\":\"https:\\\/\\\/mention.com\\\/fr\\\/minnesota-state\\\/\",\"name\":\"Comment l'\u00c9tat du Minnesota utilise Mention\",\"isPartOf\":{\"@id\":\"https:\\\/\\\/mention.com\\\/en\\\/#website\"},\"datePublished\":\"2023-06-30T16:28:33+00:00\",\"dateModified\":\"2023-10-23T13:04:13+00:00\",\"description\":\"D\u00e9couvrez comment l'\u00c9tat du Minnesota utilise Mention pour stimuler l'engagement, suivre la r\u00e9putation et optimiser les processus de m\u00e9dias sociaux.\",\"breadcrumb\":{\"@id\":\"https:\\\/\\\/mention.com\\\/fr\\\/minnesota-state\\\/#breadcrumb\"},\"inLanguage\":\"fr\",\"potentialAction\":[{\"@type\":\"ReadAction\",\"target\":[\"https:\\\/\\\/mention.com\\\/fr\\\/minnesota-state\\\/\"]}]},{\"@type\":\"BreadcrumbList\",\"@id\":\"https:\\\/\\\/mention.com\\\/fr\\\/minnesota-state\\\/#breadcrumb\",\"itemListElement\":[{\"@type\":\"ListItem\",\"position\":1,\"name\":\"Home\",\"item\":\"https:\\\/\\\/mention.com\\\/fr\\\/\"},{\"@type\":\"ListItem\",\"position\":2,\"name\":\"Mention Customer \u2013 Minnesota State &#8211; FR\"}]},{\"@type\":\"WebSite\",\"@id\":\"https:\\\/\\\/mention.com\\\/en\\\/#website\",\"url\":\"https:\\\/\\\/mention.com\\\/en\\\/\",\"name\":\"Mention\",\"description\":\"Veille en ligne\",\"publisher\":{\"@id\":\"https:\\\/\\\/mention.com\\\/en\\\/#organization\"},\"potentialAction\":[{\"@type\":\"SearchAction\",\"target\":{\"@type\":\"EntryPoint\",\"urlTemplate\":\"https:\\\/\\\/mention.com\\\/en\\\/?s={search_term_string}\"},\"query-input\":{\"@type\":\"PropertyValueSpecification\",\"valueRequired\":true,\"valueName\":\"search_term_string\"}}],\"inLanguage\":\"fr\"},{\"@type\":\"Organization\",\"@id\":\"https:\\\/\\\/mention.com\\\/en\\\/#organization\",\"name\":\"Mention\",\"url\":\"https:\\\/\\\/mention.com\\\/en\\\/\",\"logo\":{\"@type\":\"ImageObject\",\"inLanguage\":\"fr\",\"@id\":\"https:\\\/\\\/mention.com\\\/en\\\/#\\\/schema\\\/logo\\\/image\\\/\",\"url\":\"https:\\\/\\\/mention.com\\\/wp-content\\\/uploads\\\/2019\\\/04\\\/mention-about.png\",\"contentUrl\":\"https:\\\/\\\/mention.com\\\/wp-content\\\/uploads\\\/2019\\\/04\\\/mention-about.png\",\"width\":328,\"height\":76,\"caption\":\"Mention\"},\"image\":{\"@id\":\"https:\\\/\\\/mention.com\\\/en\\\/#\\\/schema\\\/logo\\\/image\\\/\"}}]}<\/script>\n<!-- \/ Yoast SEO plugin. -->","yoast_head_json":{"title":"Comment l'\u00c9tat du Minnesota utilise Mention","description":"D\u00e9couvrez comment l'\u00c9tat du Minnesota utilise Mention pour stimuler l'engagement, suivre la r\u00e9putation et optimiser les processus de m\u00e9dias sociaux.","robots":{"index":"index","follow":"follow","max-snippet":"max-snippet:-1","max-image-preview":"max-image-preview:large","max-video-preview":"max-video-preview:-1"},"canonical":"https:\/\/mention.com\/fr\/minnesota-state\/","og_locale":"fr_FR","og_type":"article","og_title":"Comment l'\u00c9tat du Minnesota utilise Mention","og_description":"D\u00e9couvrez comment l'\u00c9tat du Minnesota utilise Mention pour stimuler l'engagement, suivre la r\u00e9putation et optimiser les processus de m\u00e9dias sociaux.","og_url":"https:\/\/mention.com\/fr\/minnesota-state\/","og_site_name":"Mention","article_modified_time":"2023-10-23T13:04:13+00:00","og_image":[{"width":620,"height":400,"url":"https:\/\/mention.com\/wp-content\/uploads\/2023\/06\/minnesota-state-cover.jpg","type":"image\/jpeg"}],"twitter_card":"summary_large_image","twitter_title":"Comment l'\u00c9tat du Minnesota utilise Mention","twitter_description":"D\u00e9couvrez comment l'\u00c9tat du Minnesota utilise Mention pour stimuler l'engagement, suivre la r\u00e9putation et optimiser les processus de m\u00e9dias sociaux.","twitter_image":"https:\/\/mention.com\/wp-content\/uploads\/2023\/06\/minnesota-state-cover.jpg","schema":{"@context":"https:\/\/schema.org","@graph":[{"@type":"WebPage","@id":"https:\/\/mention.com\/fr\/minnesota-state\/","url":"https:\/\/mention.com\/fr\/minnesota-state\/","name":"Comment l'\u00c9tat du Minnesota utilise Mention","isPartOf":{"@id":"https:\/\/mention.com\/en\/#website"},"datePublished":"2023-06-30T16:28:33+00:00","dateModified":"2023-10-23T13:04:13+00:00","description":"D\u00e9couvrez comment l'\u00c9tat du Minnesota utilise Mention pour stimuler l'engagement, suivre la r\u00e9putation et optimiser les processus de m\u00e9dias sociaux.","breadcrumb":{"@id":"https:\/\/mention.com\/fr\/minnesota-state\/#breadcrumb"},"inLanguage":"fr","potentialAction":[{"@type":"ReadAction","target":["https:\/\/mention.com\/fr\/minnesota-state\/"]}]},{"@type":"BreadcrumbList","@id":"https:\/\/mention.com\/fr\/minnesota-state\/#breadcrumb","itemListElement":[{"@type":"ListItem","position":1,"name":"Home","item":"https:\/\/mention.com\/fr\/"},{"@type":"ListItem","position":2,"name":"Mention Customer \u2013 Minnesota State &#8211; FR"}]},{"@type":"WebSite","@id":"https:\/\/mention.com\/en\/#website","url":"https:\/\/mention.com\/en\/","name":"Mention","description":"Veille en ligne","publisher":{"@id":"https:\/\/mention.com\/en\/#organization"},"potentialAction":[{"@type":"SearchAction","target":{"@type":"EntryPoint","urlTemplate":"https:\/\/mention.com\/en\/?s={search_term_string}"},"query-input":{"@type":"PropertyValueSpecification","valueRequired":true,"valueName":"search_term_string"}}],"inLanguage":"fr"},{"@type":"Organization","@id":"https:\/\/mention.com\/en\/#organization","name":"Mention","url":"https:\/\/mention.com\/en\/","logo":{"@type":"ImageObject","inLanguage":"fr","@id":"https:\/\/mention.com\/en\/#\/schema\/logo\/image\/","url":"https:\/\/mention.com\/wp-content\/uploads\/2019\/04\/mention-about.png","contentUrl":"https:\/\/mention.com\/wp-content\/uploads\/2019\/04\/mention-about.png","width":328,"height":76,"caption":"Mention"},"image":{"@id":"https:\/\/mention.com\/en\/#\/schema\/logo\/image\/"}}]}},"_links":{"self":[{"href":"https:\/\/mention.com\/fr\/wp-json\/wp\/v2\/pages\/58001","targetHints":{"allow":["GET"]}}],"collection":[{"href":"https:\/\/mention.com\/fr\/wp-json\/wp\/v2\/pages"}],"about":[{"href":"https:\/\/mention.com\/fr\/wp-json\/wp\/v2\/types\/page"}],"author":[{"embeddable":true,"href":"https:\/\/mention.com\/fr\/wp-json\/wp\/v2\/users\/293"}],"replies":[{"embeddable":true,"href":"https:\/\/mention.com\/fr\/wp-json\/wp\/v2\/comments?post=58001"}],"version-history":[{"count":0,"href":"https:\/\/mention.com\/fr\/wp-json\/wp\/v2\/pages\/58001\/revisions"}],"wp:attachment":[{"href":"https:\/\/mention.com\/fr\/wp-json\/wp\/v2\/media?parent=58001"}],"curies":[{"name":"wp","href":"https:\/\/api.w.org\/{rel}","templated":true}]}}