{"id":62364,"date":"2024-05-01T13:31:08","date_gmt":"2024-05-01T13:31:08","guid":{"rendered":"https:\/\/mention.com\/?page_id=62364"},"modified":"2024-11-15T22:57:46","modified_gmt":"2024-11-15T22:57:46","slug":"relations-presse","status":"publish","type":"page","link":"https:\/\/mention.com\/fr\/relations-presse\/","title":{"rendered":"Relation presse"},"content":{"rendered":"<div data-page-group=\"use-case\" data-page-name=\"use-case-pr-management\" data-lang=\"fr\" class=\"mention-2024 page-use-case page-use-case--pr-management lang-fr\">\n<div class=\"admin-placeholder\"><span class=\"locked\">\u00a0<\/span><\/div>\n<section data-section-name=\"hero\" class=\"section section--hero hero frontpage pt-xs-0 deletable block-root background-switchable display-switchable background-light\">\n<div class=\"container\">\n<h1 class=\"title center font-40 font-xs-40 fw-700 mt-xs-3 mb-xl-2 editable\">Mesurez les retomb\u00e9es de vos <span class=\"text-highlighted\">campagnes de presse<\/span><\/h1>\n<p class=\"subtitle font-16 font-xs-16 mb-4 mt-xs-2 editable\">Comprenez l\u2019impact de vos campagnes en mesurant toutes vos retomb\u00e9es presse. Pilotez votre couverture, identifiez les mentions et partagez ces informations avec votre organisation ou vos clients.<\/p>\n<div class=\"center cta mb-4\"><component data-id=\"buttons-demo-and-trial\">\u00a0<\/component><\/div>\n<div class=\"center editable illustration mt-xl-4 mb-xl-0 mb-4 \">\n<div class=\"image-multisources\">\n<div class=\"default editable\" data-title=\"Default image\"><a href=\"https:\/\/mention.com\/wp-content\/uploads\/2024\/05\/pr-management-hero.svg\"><br \/>\n<img decoding=\"async\" data-src=\"https:\/\/mention.com\/wp-content\/uploads\/2024\/05\/pr-management-hero.svg\" alt=\"\" width=\"1200\" height=\"500\" class=\"alignnone size-full wp-image-62388 lazyload\" src=\"data:image\/svg+xml;base64,PHN2ZyB3aWR0aD0iMSIgaGVpZ2h0PSIxIiB4bWxucz0iaHR0cDovL3d3dy53My5vcmcvMjAwMC9zdmciPjwvc3ZnPg==\" style=\"--smush-placeholder-width: 1200px; --smush-placeholder-aspect-ratio: 1200\/500;\" \/><br \/>\n<\/a><\/div>\n<div class=\"mobile editable\" data-title=\"Mobile device image\"><\/div>\n<\/div>\n<\/div>\n<\/div>\n<\/section>\n<div class=\"admin-placeholder\"><span class=\"locked\">\u00a0<\/span><\/div>\n<section data-section-name=\"mesure-your-pr-kpis\" class=\"section section--mesure-your-pr-kpis background-switchable display-switchable deletable block-root\">\n<div class=\"two-sides two-sides--a-b\">\n<div class=\"area-b\">\n<div class=\"center editable\">\n<div class=\"image-multisources\">\n<div class=\"default editable\" data-title=\"Default image\"><a href=\"https:\/\/mention.com\/wp-content\/uploads\/2024\/05\/pr-management-block-1.svg\"><br \/>\n<img decoding=\"async\" data-src=\"https:\/\/mention.com\/wp-content\/uploads\/2024\/05\/pr-management-block-1.svg\" alt=\"\" width=\"540\" height=\"500\" class=\"alignnone size-full wp-image-62391 lazyload\" src=\"data:image\/svg+xml;base64,PHN2ZyB3aWR0aD0iMSIgaGVpZ2h0PSIxIiB4bWxucz0iaHR0cDovL3d3dy53My5vcmcvMjAwMC9zdmciPjwvc3ZnPg==\" style=\"--smush-placeholder-width: 540px; --smush-placeholder-aspect-ratio: 540\/500;\" \/><br \/>\n<\/a><\/div>\n<div class=\"mobile editable\" data-title=\"Mobile device image\"><\/div>\n<\/div>\n<\/div>\n<\/div>\n<div class=\"area-a\">\n<h2 class=\"title font-40 font-xs-32 fw-700 mb-4 editable\">Mesurez la performance de vos relations presse<\/h2>\n<p class=\"color-blue-dark font-16 font-xs-16 lh-xs-2 mb-0\">Ne perdez plus de temps. Gr\u00e2ce \u00e0 Mention, identifiez facilement toutes les coupures de presse et mesurez les retomb\u00e9es m\u00e9diatiques de vos campagnes RP, analysez la port\u00e9e, d\u00e9couvrez les influenceurs qui ont amplifi\u00e9 vos messages ou encore, comparez les performances de vos campagnes.<\/p>\n<\/div>\n<div class=\"area-c\"><component data-id=\"buttons-demo-and-trial\">\u00a0<\/component><\/div>\n<\/div>\n<\/section>\n<div class=\"admin-placeholder\"><span class=\"locked\">\u00a0<\/span><\/div>\n<section data-section-name=\"unlock-new-partnership\" class=\"section section--unlock-new-partnership background-switchable display-switchable deletable block-root background-light\">\n<div class=\"two-sides two-sides--b-a\">\n<div class=\"area-b\">\n<div class=\"center editable\">\n<div class=\"image-multisources\">\n<div class=\"default editable\" data-title=\"Default image\"><a href=\"https:\/\/mention.com\/wp-content\/uploads\/2024\/05\/pr-management-block-2.svg\"><br \/>\n<img decoding=\"async\" data-src=\"https:\/\/mention.com\/wp-content\/uploads\/2024\/05\/pr-management-block-2.svg\" alt=\"\" width=\"540\" height=\"500\" class=\"alignnone size-full wp-image-62394 lazyload\" src=\"data:image\/svg+xml;base64,PHN2ZyB3aWR0aD0iMSIgaGVpZ2h0PSIxIiB4bWxucz0iaHR0cDovL3d3dy53My5vcmcvMjAwMC9zdmciPjwvc3ZnPg==\" style=\"--smush-placeholder-width: 540px; --smush-placeholder-aspect-ratio: 540\/500;\" \/><br \/>\n<\/a><\/div>\n<div class=\"mobile editable\" data-title=\"Mobile device image\"><\/div>\n<\/div>\n<\/div>\n<\/div>\n<div class=\"area-a\">\n<h2 class=\"title font-40 font-xs-32 fw-700 mb-4 editable\">D\u00e9couvrez de nouveaux relais d\u2019opinion<\/h2>\n<p class=\"color-blue-dark font-16 font-xs-16 mb-0\">Suivre les performances de vos campagnes permet de rep\u00e9rer des individus, des marques, ou encore des institutions influentes de votre secteur d\u2019activit\u00e9. Utilisez Mention pour les identifier, monitorer leurs activit\u00e9s sur le web, et engager la conversation en vue d\u2019un potentiel partenariat.<\/p>\n<\/div>\n<div class=\"area-c\"><component data-id=\"buttons-demo-and-trial\">\u00a0<\/component><\/div>\n<\/div>\n<\/section>\n<div class=\"admin-placeholder\"><span class=\"locked\">\u00a0<\/span><\/div>\n<section data-section-name=\"let-stakeholders-know-the-impact\" class=\"section section--let-stakeholders-know-the-impact background-switchable display-switchable deletable block-root\">\n<div class=\"two-sides two-sides--a-b\">\n<div class=\"area-b\">\n<div class=\"center editable\">\n<div class=\"image-multisources\">\n<div class=\"default editable\" data-title=\"Default image\"><a href=\"https:\/\/mention.com\/wp-content\/uploads\/2024\/05\/pr-management-block-3.svg\"><br \/>\n<img decoding=\"async\" data-src=\"https:\/\/mention.com\/wp-content\/uploads\/2024\/05\/pr-management-block-3.svg\" alt=\"\" width=\"540\" height=\"500\" class=\"alignnone size-full wp-image-62397 lazyload\" src=\"data:image\/svg+xml;base64,PHN2ZyB3aWR0aD0iMSIgaGVpZ2h0PSIxIiB4bWxucz0iaHR0cDovL3d3dy53My5vcmcvMjAwMC9zdmciPjwvc3ZnPg==\" style=\"--smush-placeholder-width: 540px; --smush-placeholder-aspect-ratio: 540\/500;\" \/><br \/>\n<\/a><\/div>\n<div class=\"mobile editable\" data-title=\"Mobile device image\"><\/div>\n<\/div>\n<\/div>\n<\/div>\n<div class=\"area-a\">\n<h2 class=\"title font-40 font-xs-32 fw-700 mb-4 editable\">Partagez les r\u00e9sultats de vos campagnes<\/h2>\n<p class=\"color-blue-dark font-16 font-xs-16 lh-xs-2 mb-0 mb-xs-3\">D\u00e9montrer de fa\u00e7on tangible l\u2019impact d\u2019une campagne RP n\u2019est pas chose ais\u00e9e. Avec Mention, profitez de rapports complets sur la performance de vos campagnes. Volume de mentions, port\u00e9e, sentiment, discussions autour du sujet\u2026 Vous pouvez m\u00eame programmer l\u2019envoi automatique de vos rapports \u00e0 la fr\u00e9quence de votre choix.<\/p>\n<\/div>\n<div class=\"area-c\"><component data-id=\"buttons-demo-and-trial\">\u00a0<\/component><\/div>\n<\/div>\n<\/section>\n<div class=\"admin-placeholder\"><span class=\"locked\">\u00a0<\/span><\/div>\n<section data-section-name=\"what-mention-can-do\" class=\"section section--what-mention-can-do background-switchable deletable block-root background-light\">\n<h2 class=\"title center font-40 font-xs-40 fw-700 mt-xs-3 mb-xs-4 mb-xl-4 editable\">Ce que Mention peut faire pour vous<\/h2>\n<div class=\"rounded-block-container children-same-height\">\n<div class=\"rounded-block background-white editable center block-root with-toolbar\"> Acc\u00e9der \u00e0 des donn\u00e9es quantitatives (volume de mentions, reach\u2026)<\/div>\n<div class=\"rounded-block background-white editable center block-root with-toolbar\"> Acc\u00e9der \u00e0 des donn\u00e9es qualitatives (sentiment, sujet de discussion\u2026)<\/div>\n<div class=\"rounded-block background-white editable center block-root with-toolbar\"> Monitorer vos campagnes sur plus d\u2019un milliard de sources<\/div>\n<div class=\"rounded-block background-white editable center block-root with-toolbar\"> Acc\u00e9der \u00e0 l&#8217;historique des mentions<\/div>\n<div class=\"rounded-block background-white editable center block-root with-toolbar\"> Identifier les promoteurs les plus influents de votre marque<\/div>\n<div class=\"rounded-block background-white editable center block-root with-toolbar\"> Identifier les canaux les plus pertinents pour vos actions RP<\/div>\n<\/div>\n<\/section>\n<div class=\"admin-placeholder\"><span class=\"locked\">\u00a0<\/span><\/div>\n<section data-section-name=\"testimonies-mobile\" class=\"section section--testimonies-mobile testimonies mobile-only background-switchable display-switchable full-width deletable block-root\"> <component data-id=\"testimonies-carousel\"><br \/>\n<\/component><\/section>\n<div class=\"admin-placeholder\"><span class=\"locked\">\u00a0<\/span><\/div>\n<p><!-- ============================== \/\/--><\/p>\n<section data-section-name=\"testimonies\" class=\"section section--testimonies-desktop background-switchable display-switchable deletable block-root desktop-only\">\n<div class=\"background-light customer-cases-container\">\n<div class=\"row gx-5\">\n<div class=\"col col-6\">\n<div class=\"customer-case\">\n<p class=\"quote color-blue-dark mb-xl-1 editable \">\u201cNous utilisions Google Alerts, mais ce n&#8217;\u00e9tait pas suffisant pour r\u00e9pondre aux exigences de nos clients en mati\u00e8re de mesures de performance. Mention a combl\u00e9 une lacune cruciale dans les capacit\u00e9s de notre agence \u00e0 suivre les retomb\u00e9es presse de nos clients.\u201c<\/p>\n<p class=\"author color-blue-dark mb-xl-1 editable\">Jon Woodroof, Founder @Twotone<\/p>\n<p class=\"read-more mb-xl-1 editable\"><a href=\"\/en?page_id=34017\" target=\"_blank\" rel=\"noopener\">Read more<\/a><\/p>\n<\/div>\n<div class=\"customer-case\">\n<p class=\"quote color-blue-dark mb-xl-1 editable\">\u201cAvec Mention, il est vraiment facile de voir ce qui se passe avec mes retomb\u00e9es Presse. M\u00eame s&#8217;il s&#8217;agit d&#8217;un journal en Serbie, en Angleterre ou au Danemark. Nous pouvons le t\u00e9l\u00e9charger, le publier sur notre site web, et le partager avec la communaut\u00e9.\u201d<\/p>\n<p class=\"author color-blue-dark mb-xl-1 editable \">Maria Suardiaz, Account Manager @Ogilvy<\/p>\n<p class=\"read-more mb-xl-1 editable\"><a href=\"\/en?page_id=6875\" target=\"_blank\" rel=\"noopener\">Read more<\/a><\/p>\n<\/div>\n<div class=\"customer-logo-container\"><a href=\"https:\/\/www.capterra.com\/p\/149705\/Mention\/reviews\/\" target=\"_blank\" rel=\"noopener\"><br \/>\n<img decoding=\"async\" data-src=\"https:\/\/mention.com\/wp-content\/uploads\/2024\/05\/00.svg\" alt=\"\" width=\"69\" height=\"70\" class=\"alignnone size-full wp-image-62378 lazyload\" src=\"data:image\/svg+xml;base64,PHN2ZyB3aWR0aD0iMSIgaGVpZ2h0PSIxIiB4bWxucz0iaHR0cDovL3d3dy53My5vcmcvMjAwMC9zdmciPjwvc3ZnPg==\" style=\"--smush-placeholder-width: 69px; --smush-placeholder-aspect-ratio: 69\/70;\" \/><br \/>\n<\/a><br \/>\n<a href=\"https:\/\/www.g2.com\/products\/mention\/reviews\" target=\"_blank\" rel=\"noopener\"><br \/>\n<img decoding=\"async\" data-src=\"https:\/\/mention.com\/wp-content\/uploads\/2024\/05\/01.svg\" alt=\"\" width=\"71\" height=\"70\" class=\"alignnone size-full wp-image-62381 lazyload\" src=\"data:image\/svg+xml;base64,PHN2ZyB3aWR0aD0iMSIgaGVpZ2h0PSIxIiB4bWxucz0iaHR0cDovL3d3dy53My5vcmcvMjAwMC9zdmciPjwvc3ZnPg==\" style=\"--smush-placeholder-width: 71px; --smush-placeholder-aspect-ratio: 71\/70;\" \/><br \/>\n<\/a><br \/>\n<a href=\"https:\/\/www.trustradius.com\/products\/mention\/reviews#reviews\" target=\"_blank\" rel=\"noopener\"><br \/>\n<img decoding=\"async\" data-src=\"https:\/\/mention.com\/wp-content\/uploads\/2024\/05\/02.svg\" alt=\"\" width=\"71\" height=\"70\" class=\"alignnone size-full wp-image-62384 lazyload\" src=\"data:image\/svg+xml;base64,PHN2ZyB3aWR0aD0iMSIgaGVpZ2h0PSIxIiB4bWxucz0iaHR0cDovL3d3dy53My5vcmcvMjAwMC9zdmciPjwvc3ZnPg==\" style=\"--smush-placeholder-width: 71px; --smush-placeholder-aspect-ratio: 71\/70;\" \/><br \/>\n<\/a><\/div>\n<\/div>\n<div class=\"col col-6\">\n<div class=\"customer-case\">\n<div class=\"customer-illustration\">\n<div class=\"image-multisources\">\n<div class=\"default editable\" data-title=\"Default image\"><img decoding=\"async\" data-src=\"https:\/\/mention.com\/wp-content\/uploads\/2024\/05\/pr-management-testimonies.png\" alt=\"\" width=\"1400\" height=\"800\" class=\"alignnone size-full wp-image-62400 lazyload\" src=\"data:image\/svg+xml;base64,PHN2ZyB3aWR0aD0iMSIgaGVpZ2h0PSIxIiB4bWxucz0iaHR0cDovL3d3dy53My5vcmcvMjAwMC9zdmciPjwvc3ZnPg==\" style=\"--smush-placeholder-width: 1400px; --smush-placeholder-aspect-ratio: 1400\/800;\" \/><\/div>\n<div class=\"mobile editable\" data-title=\"Mobile device image\"><\/div>\n<\/div>\n<\/div>\n<p class=\"quote color-blue-dark mb-xl-1 editable\">\u201cMention nous permet de cr\u00e9er rapidement des rapports autour de notre couverture de presse. Nous cr\u00e9ons des rapports chaque mois pour suivre les r\u00e9seaux sociaux et les coupures de presse. C&#8217;est tr\u00e8s utile\u201d<\/p>\n<p class=\"author color-blue-dark mb-xl-1 editable\">Maria Suardiaz, Account Manager @Ogilvy<\/p>\n<p class=\"read-more mb-xl-1 editable\"><a href=\"\/en?page_id=6875\" target=\"_blank\" rel=\"noopener\">Read more<\/a><\/p>\n<\/div>\n<\/div>\n<\/div>\n<\/div>\n<\/section>\n<div class=\"admin-placeholder\"><span class=\"locked\">\u00a0<\/span><\/div>\n<p><!-- ============================== \/\/--><\/p>\n<section data-section-name=\"secret-to-your-brand\" class=\"background-switchable display-switchable deletable block-root\"> <component data-id=\"secret-to-your-brand\"><br \/>\n<\/component><\/section>\n<div class=\"admin-placeholder\"><span class=\"locked\">\u00a0<\/span><\/div>\n<\/div>\n","protected":false},"excerpt":{"rendered":"<p>\u00a0 Mesurez les retomb\u00e9es de vos campagnes de presse Comprenez l\u2019impact de vos campagnes en mesurant toutes vos retomb\u00e9es presse. Pilotez votre couverture, identifiez les mentions et partagez ces informations avec votre organisation ou vos clients. \u00a0 \u00a0 Mesurez la performance de vos relations presse Ne perdez plus de temps. Gr\u00e2ce \u00e0 Mention, identifiez facilement &hellip; <a href=\"https:\/\/mention.com\/fr\/relations-presse\/\" class=\"more-link\">Continue reading <span class=\"screen-reader-text\">Relation presse<\/span><\/a><\/p>\n","protected":false},"author":20,"featured_media":0,"parent":0,"menu_order":0,"comment_status":"closed","ping_status":"closed","template":"frontpage.php","meta":{"_acf_changed":false,"inline_featured_image":false,"footnotes":""},"class_list":["post-62364","page","type-page","status-publish","hentry"],"acf":[],"yoast_head":"<!-- This site is optimized with the Yoast SEO plugin v27.4 - https:\/\/yoast.com\/product\/yoast-seo-wordpress\/ -->\n<title>Relation presse | Mention<\/title>\n<meta name=\"description\" content=\"Optimisez vos relations presse gr\u00e2ce \u00e0 Mention. Analysez les retomb\u00e9es m\u00e9diatiques, et comparez la performance de vos campagnes.\" \/>\n<meta name=\"robots\" content=\"index, follow, max-snippet:-1, max-image-preview:large, max-video-preview:-1\" \/>\n<link rel=\"canonical\" href=\"https:\/\/mention.com\/fr\/relations-presse\/\" \/>\n<meta property=\"og:locale\" content=\"fr_FR\" \/>\n<meta property=\"og:type\" content=\"article\" \/>\n<meta property=\"og:title\" content=\"Relation presse | Mention\" \/>\n<meta property=\"og:description\" content=\"Optimisez vos relations presse gr\u00e2ce \u00e0 Mention. Analysez les retomb\u00e9es m\u00e9diatiques, et comparez la performance de vos campagnes.\" \/>\n<meta property=\"og:url\" content=\"https:\/\/mention.com\/fr\/relations-presse\/\" \/>\n<meta property=\"og:site_name\" content=\"Mention\" \/>\n<meta property=\"article:modified_time\" content=\"2024-11-15T22:57:46+00:00\" \/>\n<meta property=\"og:image\" content=\"https:\/\/mention.com\/wp-content\/uploads\/2024\/05\/pr-management-hero.svg\" \/>\n<meta name=\"twitter:card\" content=\"summary_large_image\" \/>\n<meta name=\"twitter:label1\" content=\"Est. reading time\" \/>\n\t<meta name=\"twitter:data1\" content=\"4 minutes\" \/>\n<script type=\"application\/ld+json\" class=\"yoast-schema-graph\">{\"@context\":\"https:\\\/\\\/schema.org\",\"@graph\":[{\"@type\":\"WebPage\",\"@id\":\"https:\\\/\\\/mention.com\\\/fr\\\/relations-presse\\\/\",\"url\":\"https:\\\/\\\/mention.com\\\/fr\\\/relations-presse\\\/\",\"name\":\"Relation presse | Mention\",\"isPartOf\":{\"@id\":\"https:\\\/\\\/mention.com\\\/en\\\/#website\"},\"primaryImageOfPage\":{\"@id\":\"https:\\\/\\\/mention.com\\\/fr\\\/relations-presse\\\/#primaryimage\"},\"image\":{\"@id\":\"https:\\\/\\\/mention.com\\\/fr\\\/relations-presse\\\/#primaryimage\"},\"thumbnailUrl\":\"https:\\\/\\\/mention.com\\\/wp-content\\\/uploads\\\/2024\\\/05\\\/pr-management-hero.svg\",\"datePublished\":\"2024-05-01T13:31:08+00:00\",\"dateModified\":\"2024-11-15T22:57:46+00:00\",\"description\":\"Optimisez vos relations presse gr\u00e2ce \u00e0 Mention. Analysez les retomb\u00e9es m\u00e9diatiques, et comparez la performance de vos campagnes.\",\"breadcrumb\":{\"@id\":\"https:\\\/\\\/mention.com\\\/fr\\\/relations-presse\\\/#breadcrumb\"},\"inLanguage\":\"fr\",\"potentialAction\":[{\"@type\":\"ReadAction\",\"target\":[\"https:\\\/\\\/mention.com\\\/fr\\\/relations-presse\\\/\"]}]},{\"@type\":\"ImageObject\",\"inLanguage\":\"fr\",\"@id\":\"https:\\\/\\\/mention.com\\\/fr\\\/relations-presse\\\/#primaryimage\",\"url\":\"https:\\\/\\\/mention.com\\\/wp-content\\\/uploads\\\/2024\\\/05\\\/pr-management-hero.svg\",\"contentUrl\":\"https:\\\/\\\/mention.com\\\/wp-content\\\/uploads\\\/2024\\\/05\\\/pr-management-hero.svg\"},{\"@type\":\"BreadcrumbList\",\"@id\":\"https:\\\/\\\/mention.com\\\/fr\\\/relations-presse\\\/#breadcrumb\",\"itemListElement\":[{\"@type\":\"ListItem\",\"position\":1,\"name\":\"Home\",\"item\":\"https:\\\/\\\/mention.com\\\/fr\\\/\"},{\"@type\":\"ListItem\",\"position\":2,\"name\":\"Relation presse\"}]},{\"@type\":\"WebSite\",\"@id\":\"https:\\\/\\\/mention.com\\\/en\\\/#website\",\"url\":\"https:\\\/\\\/mention.com\\\/en\\\/\",\"name\":\"Mention\",\"description\":\"Veille en ligne\",\"publisher\":{\"@id\":\"https:\\\/\\\/mention.com\\\/en\\\/#organization\"},\"potentialAction\":[{\"@type\":\"SearchAction\",\"target\":{\"@type\":\"EntryPoint\",\"urlTemplate\":\"https:\\\/\\\/mention.com\\\/en\\\/?s={search_term_string}\"},\"query-input\":{\"@type\":\"PropertyValueSpecification\",\"valueRequired\":true,\"valueName\":\"search_term_string\"}}],\"inLanguage\":\"fr\"},{\"@type\":\"Organization\",\"@id\":\"https:\\\/\\\/mention.com\\\/en\\\/#organization\",\"name\":\"Mention\",\"url\":\"https:\\\/\\\/mention.com\\\/en\\\/\",\"logo\":{\"@type\":\"ImageObject\",\"inLanguage\":\"fr\",\"@id\":\"https:\\\/\\\/mention.com\\\/en\\\/#\\\/schema\\\/logo\\\/image\\\/\",\"url\":\"https:\\\/\\\/mention.com\\\/wp-content\\\/uploads\\\/2019\\\/04\\\/mention-about.png\",\"contentUrl\":\"https:\\\/\\\/mention.com\\\/wp-content\\\/uploads\\\/2019\\\/04\\\/mention-about.png\",\"width\":328,\"height\":76,\"caption\":\"Mention\"},\"image\":{\"@id\":\"https:\\\/\\\/mention.com\\\/en\\\/#\\\/schema\\\/logo\\\/image\\\/\"}}]}<\/script>\n<!-- \/ Yoast SEO plugin. -->","yoast_head_json":{"title":"Relation presse | Mention","description":"Optimisez vos relations presse gr\u00e2ce \u00e0 Mention. Analysez les retomb\u00e9es m\u00e9diatiques, et comparez la performance de vos campagnes.","robots":{"index":"index","follow":"follow","max-snippet":"max-snippet:-1","max-image-preview":"max-image-preview:large","max-video-preview":"max-video-preview:-1"},"canonical":"https:\/\/mention.com\/fr\/relations-presse\/","og_locale":"fr_FR","og_type":"article","og_title":"Relation presse | Mention","og_description":"Optimisez vos relations presse gr\u00e2ce \u00e0 Mention. Analysez les retomb\u00e9es m\u00e9diatiques, et comparez la performance de vos campagnes.","og_url":"https:\/\/mention.com\/fr\/relations-presse\/","og_site_name":"Mention","article_modified_time":"2024-11-15T22:57:46+00:00","og_image":[{"url":"https:\/\/mention.com\/wp-content\/uploads\/2024\/05\/pr-management-hero.svg","type":"","width":"","height":""}],"twitter_card":"summary_large_image","twitter_misc":{"Est. reading time":"4 minutes"},"schema":{"@context":"https:\/\/schema.org","@graph":[{"@type":"WebPage","@id":"https:\/\/mention.com\/fr\/relations-presse\/","url":"https:\/\/mention.com\/fr\/relations-presse\/","name":"Relation presse | Mention","isPartOf":{"@id":"https:\/\/mention.com\/en\/#website"},"primaryImageOfPage":{"@id":"https:\/\/mention.com\/fr\/relations-presse\/#primaryimage"},"image":{"@id":"https:\/\/mention.com\/fr\/relations-presse\/#primaryimage"},"thumbnailUrl":"https:\/\/mention.com\/wp-content\/uploads\/2024\/05\/pr-management-hero.svg","datePublished":"2024-05-01T13:31:08+00:00","dateModified":"2024-11-15T22:57:46+00:00","description":"Optimisez vos relations presse gr\u00e2ce \u00e0 Mention. Analysez les retomb\u00e9es m\u00e9diatiques, et comparez la performance de vos campagnes.","breadcrumb":{"@id":"https:\/\/mention.com\/fr\/relations-presse\/#breadcrumb"},"inLanguage":"fr","potentialAction":[{"@type":"ReadAction","target":["https:\/\/mention.com\/fr\/relations-presse\/"]}]},{"@type":"ImageObject","inLanguage":"fr","@id":"https:\/\/mention.com\/fr\/relations-presse\/#primaryimage","url":"https:\/\/mention.com\/wp-content\/uploads\/2024\/05\/pr-management-hero.svg","contentUrl":"https:\/\/mention.com\/wp-content\/uploads\/2024\/05\/pr-management-hero.svg"},{"@type":"BreadcrumbList","@id":"https:\/\/mention.com\/fr\/relations-presse\/#breadcrumb","itemListElement":[{"@type":"ListItem","position":1,"name":"Home","item":"https:\/\/mention.com\/fr\/"},{"@type":"ListItem","position":2,"name":"Relation presse"}]},{"@type":"WebSite","@id":"https:\/\/mention.com\/en\/#website","url":"https:\/\/mention.com\/en\/","name":"Mention","description":"Veille en ligne","publisher":{"@id":"https:\/\/mention.com\/en\/#organization"},"potentialAction":[{"@type":"SearchAction","target":{"@type":"EntryPoint","urlTemplate":"https:\/\/mention.com\/en\/?s={search_term_string}"},"query-input":{"@type":"PropertyValueSpecification","valueRequired":true,"valueName":"search_term_string"}}],"inLanguage":"fr"},{"@type":"Organization","@id":"https:\/\/mention.com\/en\/#organization","name":"Mention","url":"https:\/\/mention.com\/en\/","logo":{"@type":"ImageObject","inLanguage":"fr","@id":"https:\/\/mention.com\/en\/#\/schema\/logo\/image\/","url":"https:\/\/mention.com\/wp-content\/uploads\/2019\/04\/mention-about.png","contentUrl":"https:\/\/mention.com\/wp-content\/uploads\/2019\/04\/mention-about.png","width":328,"height":76,"caption":"Mention"},"image":{"@id":"https:\/\/mention.com\/en\/#\/schema\/logo\/image\/"}}]}},"_links":{"self":[{"href":"https:\/\/mention.com\/fr\/wp-json\/wp\/v2\/pages\/62364","targetHints":{"allow":["GET"]}}],"collection":[{"href":"https:\/\/mention.com\/fr\/wp-json\/wp\/v2\/pages"}],"about":[{"href":"https:\/\/mention.com\/fr\/wp-json\/wp\/v2\/types\/page"}],"author":[{"embeddable":true,"href":"https:\/\/mention.com\/fr\/wp-json\/wp\/v2\/users\/20"}],"replies":[{"embeddable":true,"href":"https:\/\/mention.com\/fr\/wp-json\/wp\/v2\/comments?post=62364"}],"version-history":[{"count":0,"href":"https:\/\/mention.com\/fr\/wp-json\/wp\/v2\/pages\/62364\/revisions"}],"wp:attachment":[{"href":"https:\/\/mention.com\/fr\/wp-json\/wp\/v2\/media?parent=62364"}],"curies":[{"name":"wp","href":"https:\/\/api.w.org\/{rel}","templated":true}]}}