{"id":62366,"date":"2024-05-01T13:44:02","date_gmt":"2024-05-01T13:44:02","guid":{"rendered":"https:\/\/mention.com\/?page_id=62366"},"modified":"2024-11-15T23:11:24","modified_gmt":"2024-11-15T23:11:24","slug":"gestion-de-crise-use-case","status":"publish","type":"page","link":"https:\/\/mention.com\/fr\/gestion-de-crise-use-case\/","title":{"rendered":"Gestion de crise"},"content":{"rendered":"<div data-page-group=\"use-case\" data-page-name=\"use-case-crisis-management\" data-lang=\"fr\" class=\"mention-2024 page-use-case page-use-case--crisis-management lang-fr\">\n<div class=\"admin-placeholder\"><span class=\"locked\"> <\/span><\/div>\n<section data-section-name=\"hero\" class=\"section section--hero hero frontpage pt-xs-0 deletable block-root background-switchable display-switchable background-light\">\n<div class=\"container\">\n<h1 class=\"title center font-40 font-xs-40 fw-700 mt-xs-3 mb-xl-2 editable\">G\u00e9rez sereinement une <span class=\"text-highlighted\">crise de marque<\/span><\/h1>\n<p class=\"subtitle font-16 font-xs-16 mb-4 mt-xs-2 editable\">G\u00e9rez et att\u00e9nuez les effets d\u2019une crise de marque en l&#8217;identifiant d\u00e8s les premiers fr\u00e9missements et en interagissant avec ceux qui la nourrissent.<\/p>\n<div class=\"center cta mb-4\"><component data-id=\"buttons-demo-and-trial\"> <\/component><\/div>\n<div class=\"center editable illustration mt-xl-2 mb-xl-0 mb-4 \">\n<div class=\"image-multisources\">\n<div class=\"default editable\" data-title=\"Default image\"><a href=\"https:\/\/mention.com\/wp-content\/uploads\/2024\/05\/crisis-management-hero.svg\"> <img decoding=\"async\" data-src=\"https:\/\/mention.com\/wp-content\/uploads\/2024\/05\/crisis-management-hero.svg\" alt=\"\" class=\"alignnone size-full wp-image-62421 lazyload\" src=\"data:image\/svg+xml;base64,PHN2ZyB3aWR0aD0iMSIgaGVpZ2h0PSIxIiB4bWxucz0iaHR0cDovL3d3dy53My5vcmcvMjAwMC9zdmciPjwvc3ZnPg==\" \/> <\/a><\/div>\n<div class=\"mobile editable\" data-title=\"Mobile device image\"><\/div>\n<\/div>\n<\/div>\n<\/div>\n<\/section>\n<div class=\"admin-placeholder\"><span class=\"locked\"> <\/span><\/div>\n<section data-section-name=\"prevention-is-better-than-cure\" class=\"section section--prevention-is-better-than-cure background-switchable display-switchable deletable block-root\">\n<div class=\"two-sides two-sides--a-b\">\n<div class=\"area-b\">\n<div class=\"center editable\">\n<div class=\"image-multisources\">\n<div class=\"default editable\" data-title=\"Default image\"><a href=\"https:\/\/mention.com\/wp-content\/uploads\/2024\/05\/crisis-management-bloc-1.svg\"> <img decoding=\"async\" data-src=\"https:\/\/mention.com\/wp-content\/uploads\/2024\/05\/crisis-management-bloc-1.svg\" alt=\"\" width=\"540\" height=\"500\" class=\"alignnone size-full wp-image-62424 lazyload\" src=\"data:image\/svg+xml;base64,PHN2ZyB3aWR0aD0iMSIgaGVpZ2h0PSIxIiB4bWxucz0iaHR0cDovL3d3dy53My5vcmcvMjAwMC9zdmciPjwvc3ZnPg==\" style=\"--smush-placeholder-width: 540px; --smush-placeholder-aspect-ratio: 540\/500;\" \/> <\/a><\/div>\n<div class=\"mobile editable\" data-title=\"Mobile device image\"><\/div>\n<\/div>\n<\/div>\n<\/div>\n<div class=\"area-a\">\n<h2 class=\"title font-40 font-xs-32 fw-700 mb-4 editable\">Identifiez rapidement une crise de marque<\/h2>\n<p class=\"color-blue-dark font-16 font-xs-16 lh-xs-2 mb-0\">D\u00e9tecter une crise le plus rapidement possible et r\u00e9agir dans les meilleurs d\u00e9lais permet de contenir son impact. Avec Mention ,vous serez alert\u00e9 en cas d\u2019augmentation inhabituelle du volume de mentions. Vous pourrez m\u00eame analyser le sentiment et le score d&#8217;influence de ces mentions et rapidement mettre en place votre plan d\u2019action pour contenir les risques de propagation de la crise.<\/p>\n<\/div>\n<div class=\"area-c\"><component data-id=\"buttons-demo-and-trial\"> <\/component><\/div>\n<\/div>\n<\/section>\n<div class=\"admin-placeholder\"><span class=\"locked\"> <\/span><\/div>\n<section data-section-name=\"calm-the-effects-of-the-crisis\" class=\"section section--calm-the-effects-of-the-crisis background-switchable display-switchable deletable block-root background-light\">\n<div class=\"two-sides two-sides--b-a\">\n<div class=\"area-b\">\n<div class=\"center editable\">\n<div class=\"image-multisources\">\n<div class=\"default editable\" data-title=\"Default image\"><a href=\"https:\/\/mention.com\/wp-content\/uploads\/2024\/05\/crisis-management-bloc-2.svg\"> <img decoding=\"async\" data-src=\"https:\/\/mention.com\/wp-content\/uploads\/2024\/05\/crisis-management-bloc-2.svg\" alt=\"\" width=\"540\" height=\"500\" class=\"alignnone size-full wp-image-62427 lazyload\" src=\"data:image\/svg+xml;base64,PHN2ZyB3aWR0aD0iMSIgaGVpZ2h0PSIxIiB4bWxucz0iaHR0cDovL3d3dy53My5vcmcvMjAwMC9zdmciPjwvc3ZnPg==\" style=\"--smush-placeholder-width: 540px; --smush-placeholder-aspect-ratio: 540\/500;\" \/> <\/a><\/div>\n<div class=\"mobile editable\" data-title=\"Mobile device image\"><\/div>\n<\/div>\n<\/div>\n<\/div>\n<div class=\"area-a\">\n<h2 class=\"title font-40 font-xs-32 fw-700 mb-4 editable\">Temp\u00e9rez les effets d\u2019une crise de marque<\/h2>\n<p class=\"color-blue-dark font-16 font-xs-16 mb-0\">Suivez l&#8217;\u00e9volution du sentiment autour de votre marque au fil du temps et comprenez quand et pourquoi la crise s&#8217;est produite. Identifiez les principaux sujets de discussion (<em>topics, hashtags&#8230;<\/em>), lieux de conversation (<em>forums, r\u00e9seaux sociaux&#8230;<\/em>) et relais d&#8217;opinion (<em>promoteurs, d\u00e9tracteurs<\/em>) afin de construire votre strat\u00e9gie de sortie de crise.<\/p>\n<\/div>\n<div class=\"area-c\"><component data-id=\"buttons-demo-and-trial\"> <\/component><\/div>\n<\/div>\n<\/section>\n<div class=\"admin-placeholder\"><span class=\"locked\"> <\/span><\/div>\n<section data-section-name=\"evaluate-the-impact-of-your-actions\" class=\"section section--evaluate-the-impact-of-your-actions background-switchable display-switchable deletable block-root\">\n<div class=\"two-sides two-sides--a-b\">\n<div class=\"area-b\">\n<div class=\"center editable\">\n<div class=\"image-multisources\">\n<div class=\"default editable\" data-title=\"Default image\"><a href=\"https:\/\/mention.com\/wp-content\/uploads\/2024\/05\/crisis-management-bloc-3.svg\"> <img decoding=\"async\" data-src=\"https:\/\/mention.com\/wp-content\/uploads\/2024\/05\/crisis-management-bloc-3.svg\" alt=\"\" width=\"540\" height=\"500\" class=\"alignnone size-full wp-image-62430 lazyload\" src=\"data:image\/svg+xml;base64,PHN2ZyB3aWR0aD0iMSIgaGVpZ2h0PSIxIiB4bWxucz0iaHR0cDovL3d3dy53My5vcmcvMjAwMC9zdmciPjwvc3ZnPg==\" style=\"--smush-placeholder-width: 540px; --smush-placeholder-aspect-ratio: 540\/500;\" \/> <\/a><\/div>\n<div class=\"mobile editable\" data-title=\"Mobile device image\"><\/div>\n<\/div>\n<\/div>\n<\/div>\n<div class=\"area-a\">\n<h2 class=\"title font-40 font-xs-32 fw-700 mb-4 editable\">\u00c9valuez l\u2019impact de votre communication de crise<\/h2>\n<p class=\"color-blue-dark font-16 font-xs-16 lh-xs-2 mb-0\">Communiquez aupr\u00e8s de votre audience avec notre fonctionnalit\u00e9 Engage, puis analysez l\u2019impact de votre communication dans la r\u00e9solution de la crise au travers des variations de mentions ou du sentiment de votre audience.<\/p>\n<\/div>\n<div class=\"area-c\"><component data-id=\"buttons-demo-and-trial\"> <\/component><\/div>\n<\/div>\n<\/section>\n<div class=\"admin-placeholder\"><span class=\"locked\"> <\/span><\/div>\n<section data-section-name=\"what-mention-can-do\" class=\"section section--what-mention-can-do background-switchable deletable block-root background-light\">\n<h2 class=\"title center font-40 font-xs-40 fw-700 mt-xs-3 mb-xs-4 mb-xl-4 editable\">Ce que Mention peut faire pour vous<\/h2>\n<div class=\"rounded-block-container children-same-height\">\n<div class=\"rounded-block background-white editable center block-root with-toolbar\"> Recevoir des notifications en temps r\u00e9el lors de pics de mentions<\/div>\n<div class=\"rounded-block background-white editable center block-root with-toolbar\"> Avertir automatiquement sur Slack et partager l\u2019information<\/div>\n<div class=\"rounded-block background-white editable center block-root with-toolbar\"> G\u00e9n\u00e9rer des rapports personnalis\u00e9s<\/div>\n<div class=\"rounded-block background-white editable center block-root with-toolbar\"> Collaborer efficacement avec vos coll\u00e8gues durant une crise<\/div>\n<div class=\"rounded-block background-white editable center block-root with-toolbar\"> Faciliter la communication pour juguler la crise<\/div>\n<div class=\"rounded-block background-white editable center block-root with-toolbar\"> Identifier et mobiliser des relais d\u2019influence cl\u00e9s<\/div>\n<\/div>\n<\/section>\n<div class=\"admin-placeholder\"><span class=\"locked\"> <\/span><\/div>\n<section data-section-name=\"testimonies-mobile\" class=\"section section-testimonies--mobile testimonies mobile-only background-switchable display-switchable full-width deletable block-root\"> <component data-id=\"testimonies-carousel\"> <\/component><\/section>\n<div class=\"admin-placeholder\"><span class=\"locked\"> <\/span><\/div>\n<p><!-- ============================== \/\/--><\/p>\n<section data-section-name=\"testimonies\" class=\"section section--testimonies-desktop background-switchable display-switchable deletable block-root desktop-only\">\n<div class=\"background-light customer-cases-container\">\n<div class=\"row gx-5\">\n<div class=\"col col-6\">\n<div class=\"customer-case\">\n<p class=\"quote color-blue-dark mb-xl-1 editable \">\u201cNotre client voulait vraiment savoir s&#8217;il rencontrait des probl\u00e8mes d\u2019image de marque sur les r\u00e9seaux et disposer de la meilleure communication possible en cas de crise. Mention a \u00e9t\u00e9 la solution \u00e0 ce besoin.\u201d<\/p>\n<p class=\"author color-blue-dark mb-xl-1 editable\">Jos\u00e9 Delgado, Founder &amp; Director @Domino Internet<\/p>\n<p class=\"read-more mb-xl-1 editable\"><a href=\"\/en?page_id=7648\" target=\"_blank\" rel=\"noopener\">Read more<\/a><\/p>\n<\/div>\n<div class=\"customer-case\">\n<p class=\"quote color-blue-dark mb-xl-1 editable\">\u201cL&#8217;enjeux le plus important pour nous est de pouvoir anticiper les crises. Nous utilisons Mention pour fournir \u00e0 nos clients des informations avant qu&#8217;ils n&#8217;aient eu le temps de les d\u00e9couvrir eux-m\u00eames.\u201c<\/p>\n<p class=\"author color-blue-dark mb-xl-1 editable \">Lex Bearden, Digital Content Manager, @Calver Street Group<\/p>\n<p class=\"read-more mb-xl-1 editable\"><a href=\"\/en?page_id=6966\" target=\"_blank\" rel=\"noopener\">Read more<\/a><\/p>\n<\/div>\n<div class=\"customer-logo-container\"><a href=\"https:\/\/www.capterra.com\/p\/149705\/Mention\/reviews\/\" target=\"_blank\" rel=\"noopener\"> <img decoding=\"async\" data-src=\"https:\/\/mention.com\/wp-content\/uploads\/2024\/05\/00.svg\" alt=\"\" width=\"69\" height=\"70\" class=\"alignnone size-full wp-image-62378 lazyload\" src=\"data:image\/svg+xml;base64,PHN2ZyB3aWR0aD0iMSIgaGVpZ2h0PSIxIiB4bWxucz0iaHR0cDovL3d3dy53My5vcmcvMjAwMC9zdmciPjwvc3ZnPg==\" style=\"--smush-placeholder-width: 69px; --smush-placeholder-aspect-ratio: 69\/70;\" \/> <\/a> <a href=\"https:\/\/www.g2.com\/products\/mention\/reviews\" target=\"_blank\" rel=\"noopener\"> <img decoding=\"async\" data-src=\"https:\/\/mention.com\/wp-content\/uploads\/2024\/05\/01.svg\" alt=\"\" width=\"71\" height=\"70\" class=\"alignnone size-full wp-image-62381 lazyload\" src=\"data:image\/svg+xml;base64,PHN2ZyB3aWR0aD0iMSIgaGVpZ2h0PSIxIiB4bWxucz0iaHR0cDovL3d3dy53My5vcmcvMjAwMC9zdmciPjwvc3ZnPg==\" style=\"--smush-placeholder-width: 71px; --smush-placeholder-aspect-ratio: 71\/70;\" \/> <\/a> <a href=\"https:\/\/www.trustradius.com\/products\/mention\/reviews#reviews\" target=\"_blank\" rel=\"noopener\"> <img decoding=\"async\" data-src=\"https:\/\/mention.com\/wp-content\/uploads\/2024\/05\/02.svg\" alt=\"\" width=\"71\" height=\"70\" class=\"alignnone size-full wp-image-62384 lazyload\" src=\"data:image\/svg+xml;base64,PHN2ZyB3aWR0aD0iMSIgaGVpZ2h0PSIxIiB4bWxucz0iaHR0cDovL3d3dy53My5vcmcvMjAwMC9zdmciPjwvc3ZnPg==\" style=\"--smush-placeholder-width: 71px; --smush-placeholder-aspect-ratio: 71\/70;\" \/> <\/a><\/div>\n<\/div>\n<div class=\"col col-6\">\n<div class=\"customer-case\">\n<div class=\"customer-illustration\">\n<div class=\"image-multisources\">\n<div class=\"default editable\" data-title=\"Default image\"><img decoding=\"async\" data-src=\"https:\/\/mention.com\/wp-content\/uploads\/2024\/05\/crisis-management-testimonies.png\" alt=\"\" width=\"1400\" height=\"800\" class=\"alignnone size-full wp-image-62433 lazyload\" src=\"data:image\/svg+xml;base64,PHN2ZyB3aWR0aD0iMSIgaGVpZ2h0PSIxIiB4bWxucz0iaHR0cDovL3d3dy53My5vcmcvMjAwMC9zdmciPjwvc3ZnPg==\" style=\"--smush-placeholder-width: 1400px; --smush-placeholder-aspect-ratio: 1400\/800;\" \/><\/div>\n<div class=\"mobile editable\" data-title=\"Mobile device image\"><\/div>\n<\/div>\n<\/div>\n<p class=\"quote color-blue-dark mb-xl-1 editable\">\u201cGr\u00e2ce \u00e0 Mention, nous avons pu d\u00e9tecter tr\u00e8s rapidement une publication d&#8217;un candidat relatant une exp\u00e9rience n\u00e9gative totalement contraire \u00e0 notre politique RH. Apr\u00e8s l&#8217;avoir d\u00e9couvert via Mention, nous avons contact\u00e9 le candidat, \u00e9chang\u00e9 avec lui et, surtout, men\u00e9 une enqu\u00eate pour que cet \u00e9pisode ne se reproduise plus.\u201d<\/p>\n<p class=\"author color-blue-dark mb-xl-1 editable\">Damien Haudrechy, Social Media Manager @K\u2022LINE<\/p>\n<p class=\"read-more mb-xl-1 editable\"><a href=\"\/en?page_id=61951\" target=\"_blank\" rel=\"noopener\">Read more<\/a><\/p>\n<\/div>\n<\/div>\n<\/div>\n<\/div>\n<\/section>\n<div class=\"admin-placeholder\"><span class=\"locked\"> <\/span><\/div>\n<p><!-- ============================== \/\/--><\/p>\n<section data-section-name=\"secret-to-your-brand\" class=\"background-switchable display-switchable deletable block-root\"> <component data-id=\"secret-to-your-brand\"> <\/component><\/section>\n<div class=\"admin-placeholder\"><span class=\"locked\"> <\/span><\/div>\n<\/div>\n","protected":false},"excerpt":{"rendered":"<p>G\u00e9rez sereinement une crise de marque G\u00e9rez et att\u00e9nuez les effets d\u2019une crise de marque en l&#8217;identifiant d\u00e8s les premiers fr\u00e9missements et en interagissant avec ceux qui la nourrissent. Identifiez rapidement une crise de marque D\u00e9tecter une crise le plus rapidement possible et r\u00e9agir dans les meilleurs d\u00e9lais permet de contenir son impact. Avec Mention &hellip; <a href=\"https:\/\/mention.com\/fr\/gestion-de-crise-use-case\/\" class=\"more-link\">Continue reading <span class=\"screen-reader-text\">Gestion de crise<\/span><\/a><\/p>\n","protected":false},"author":20,"featured_media":0,"parent":0,"menu_order":0,"comment_status":"closed","ping_status":"closed","template":"2024-home.php","meta":{"_acf_changed":false,"inline_featured_image":false,"footnotes":""},"class_list":["post-62366","page","type-page","status-publish","hentry"],"acf":[],"yoast_head":"<!-- This site is optimized with the Yoast SEO plugin v27.6 - https:\/\/yoast.com\/product\/yoast-seo-wordpress\/ -->\n<title>Gestion de crise | Mention<\/title>\n<meta name=\"robots\" content=\"index, follow, max-snippet:-1, max-image-preview:large, max-video-preview:-1\" \/>\n<link rel=\"canonical\" href=\"https:\/\/mention.com\/fr\/gestion-de-crise-use-case\/\" \/>\n<meta property=\"og:locale\" content=\"fr_FR\" \/>\n<meta property=\"og:type\" content=\"article\" \/>\n<meta property=\"og:title\" content=\"Gestion de crise | Mention\" \/>\n<meta property=\"og:description\" content=\"G\u00e9rez sereinement une crise de marque G\u00e9rez et att\u00e9nuez les effets d\u2019une crise de marque en l&#8217;identifiant d\u00e8s les premiers fr\u00e9missements et en interagissant avec ceux qui la nourrissent. Identifiez rapidement une crise de marque D\u00e9tecter une crise le plus rapidement possible et r\u00e9agir dans les meilleurs d\u00e9lais permet de contenir son impact. Avec Mention &hellip; Continue reading Gestion de crise\" \/>\n<meta property=\"og:url\" content=\"https:\/\/mention.com\/fr\/gestion-de-crise-use-case\/\" \/>\n<meta property=\"og:site_name\" content=\"Mention\" \/>\n<meta property=\"article:modified_time\" content=\"2024-11-15T23:11:24+00:00\" \/>\n<meta property=\"og:image\" content=\"https:\/\/mention.com\/wp-content\/uploads\/2024\/05\/crisis-management-hero.svg\" \/>\n<meta name=\"twitter:card\" content=\"summary_large_image\" \/>\n<meta name=\"twitter:label1\" content=\"Est. reading time\" \/>\n\t<meta name=\"twitter:data1\" content=\"4 minutes\" \/>\n<script type=\"application\/ld+json\" class=\"yoast-schema-graph\">{\"@context\":\"https:\\\/\\\/schema.org\",\"@graph\":[{\"@type\":\"WebPage\",\"@id\":\"https:\\\/\\\/mention.com\\\/fr\\\/gestion-de-crise-use-case\\\/\",\"url\":\"https:\\\/\\\/mention.com\\\/fr\\\/gestion-de-crise-use-case\\\/\",\"name\":\"Gestion de crise | Mention\",\"isPartOf\":{\"@id\":\"https:\\\/\\\/mention.com\\\/en\\\/#website\"},\"primaryImageOfPage\":{\"@id\":\"https:\\\/\\\/mention.com\\\/fr\\\/gestion-de-crise-use-case\\\/#primaryimage\"},\"image\":{\"@id\":\"https:\\\/\\\/mention.com\\\/fr\\\/gestion-de-crise-use-case\\\/#primaryimage\"},\"thumbnailUrl\":\"https:\\\/\\\/mention.com\\\/wp-content\\\/uploads\\\/2024\\\/05\\\/crisis-management-hero.svg\",\"datePublished\":\"2024-05-01T13:44:02+00:00\",\"dateModified\":\"2024-11-15T23:11:24+00:00\",\"breadcrumb\":{\"@id\":\"https:\\\/\\\/mention.com\\\/fr\\\/gestion-de-crise-use-case\\\/#breadcrumb\"},\"inLanguage\":\"fr\",\"potentialAction\":[{\"@type\":\"ReadAction\",\"target\":[\"https:\\\/\\\/mention.com\\\/fr\\\/gestion-de-crise-use-case\\\/\"]}]},{\"@type\":\"ImageObject\",\"inLanguage\":\"fr\",\"@id\":\"https:\\\/\\\/mention.com\\\/fr\\\/gestion-de-crise-use-case\\\/#primaryimage\",\"url\":\"https:\\\/\\\/mention.com\\\/wp-content\\\/uploads\\\/2024\\\/05\\\/crisis-management-hero.svg\",\"contentUrl\":\"https:\\\/\\\/mention.com\\\/wp-content\\\/uploads\\\/2024\\\/05\\\/crisis-management-hero.svg\"},{\"@type\":\"BreadcrumbList\",\"@id\":\"https:\\\/\\\/mention.com\\\/fr\\\/gestion-de-crise-use-case\\\/#breadcrumb\",\"itemListElement\":[{\"@type\":\"ListItem\",\"position\":1,\"name\":\"Home\",\"item\":\"https:\\\/\\\/mention.com\\\/fr\\\/\"},{\"@type\":\"ListItem\",\"position\":2,\"name\":\"Gestion de crise\"}]},{\"@type\":\"WebSite\",\"@id\":\"https:\\\/\\\/mention.com\\\/en\\\/#website\",\"url\":\"https:\\\/\\\/mention.com\\\/en\\\/\",\"name\":\"Mention\",\"description\":\"Veille en ligne\",\"publisher\":{\"@id\":\"https:\\\/\\\/mention.com\\\/en\\\/#organization\"},\"potentialAction\":[{\"@type\":\"SearchAction\",\"target\":{\"@type\":\"EntryPoint\",\"urlTemplate\":\"https:\\\/\\\/mention.com\\\/en\\\/?s={search_term_string}\"},\"query-input\":{\"@type\":\"PropertyValueSpecification\",\"valueRequired\":true,\"valueName\":\"search_term_string\"}}],\"inLanguage\":\"fr\"},{\"@type\":\"Organization\",\"@id\":\"https:\\\/\\\/mention.com\\\/en\\\/#organization\",\"name\":\"Mention\",\"url\":\"https:\\\/\\\/mention.com\\\/en\\\/\",\"logo\":{\"@type\":\"ImageObject\",\"inLanguage\":\"fr\",\"@id\":\"https:\\\/\\\/mention.com\\\/en\\\/#\\\/schema\\\/logo\\\/image\\\/\",\"url\":\"https:\\\/\\\/mention.com\\\/wp-content\\\/uploads\\\/2019\\\/04\\\/mention-about.png\",\"contentUrl\":\"https:\\\/\\\/mention.com\\\/wp-content\\\/uploads\\\/2019\\\/04\\\/mention-about.png\",\"width\":328,\"height\":76,\"caption\":\"Mention\"},\"image\":{\"@id\":\"https:\\\/\\\/mention.com\\\/en\\\/#\\\/schema\\\/logo\\\/image\\\/\"}}]}<\/script>\n<!-- \/ Yoast SEO plugin. -->","yoast_head_json":{"title":"Gestion de crise | Mention","robots":{"index":"index","follow":"follow","max-snippet":"max-snippet:-1","max-image-preview":"max-image-preview:large","max-video-preview":"max-video-preview:-1"},"canonical":"https:\/\/mention.com\/fr\/gestion-de-crise-use-case\/","og_locale":"fr_FR","og_type":"article","og_title":"Gestion de crise | Mention","og_description":"G\u00e9rez sereinement une crise de marque G\u00e9rez et att\u00e9nuez les effets d\u2019une crise de marque en l&#8217;identifiant d\u00e8s les premiers fr\u00e9missements et en interagissant avec ceux qui la nourrissent. Identifiez rapidement une crise de marque D\u00e9tecter une crise le plus rapidement possible et r\u00e9agir dans les meilleurs d\u00e9lais permet de contenir son impact. Avec Mention &hellip; Continue reading Gestion de crise","og_url":"https:\/\/mention.com\/fr\/gestion-de-crise-use-case\/","og_site_name":"Mention","article_modified_time":"2024-11-15T23:11:24+00:00","og_image":[{"url":"https:\/\/mention.com\/wp-content\/uploads\/2024\/05\/crisis-management-hero.svg","type":"","width":"","height":""}],"twitter_card":"summary_large_image","twitter_misc":{"Est. reading time":"4 minutes"},"schema":{"@context":"https:\/\/schema.org","@graph":[{"@type":"WebPage","@id":"https:\/\/mention.com\/fr\/gestion-de-crise-use-case\/","url":"https:\/\/mention.com\/fr\/gestion-de-crise-use-case\/","name":"Gestion de crise | Mention","isPartOf":{"@id":"https:\/\/mention.com\/en\/#website"},"primaryImageOfPage":{"@id":"https:\/\/mention.com\/fr\/gestion-de-crise-use-case\/#primaryimage"},"image":{"@id":"https:\/\/mention.com\/fr\/gestion-de-crise-use-case\/#primaryimage"},"thumbnailUrl":"https:\/\/mention.com\/wp-content\/uploads\/2024\/05\/crisis-management-hero.svg","datePublished":"2024-05-01T13:44:02+00:00","dateModified":"2024-11-15T23:11:24+00:00","breadcrumb":{"@id":"https:\/\/mention.com\/fr\/gestion-de-crise-use-case\/#breadcrumb"},"inLanguage":"fr","potentialAction":[{"@type":"ReadAction","target":["https:\/\/mention.com\/fr\/gestion-de-crise-use-case\/"]}]},{"@type":"ImageObject","inLanguage":"fr","@id":"https:\/\/mention.com\/fr\/gestion-de-crise-use-case\/#primaryimage","url":"https:\/\/mention.com\/wp-content\/uploads\/2024\/05\/crisis-management-hero.svg","contentUrl":"https:\/\/mention.com\/wp-content\/uploads\/2024\/05\/crisis-management-hero.svg"},{"@type":"BreadcrumbList","@id":"https:\/\/mention.com\/fr\/gestion-de-crise-use-case\/#breadcrumb","itemListElement":[{"@type":"ListItem","position":1,"name":"Home","item":"https:\/\/mention.com\/fr\/"},{"@type":"ListItem","position":2,"name":"Gestion de crise"}]},{"@type":"WebSite","@id":"https:\/\/mention.com\/en\/#website","url":"https:\/\/mention.com\/en\/","name":"Mention","description":"Veille en ligne","publisher":{"@id":"https:\/\/mention.com\/en\/#organization"},"potentialAction":[{"@type":"SearchAction","target":{"@type":"EntryPoint","urlTemplate":"https:\/\/mention.com\/en\/?s={search_term_string}"},"query-input":{"@type":"PropertyValueSpecification","valueRequired":true,"valueName":"search_term_string"}}],"inLanguage":"fr"},{"@type":"Organization","@id":"https:\/\/mention.com\/en\/#organization","name":"Mention","url":"https:\/\/mention.com\/en\/","logo":{"@type":"ImageObject","inLanguage":"fr","@id":"https:\/\/mention.com\/en\/#\/schema\/logo\/image\/","url":"https:\/\/mention.com\/wp-content\/uploads\/2019\/04\/mention-about.png","contentUrl":"https:\/\/mention.com\/wp-content\/uploads\/2019\/04\/mention-about.png","width":328,"height":76,"caption":"Mention"},"image":{"@id":"https:\/\/mention.com\/en\/#\/schema\/logo\/image\/"}}]}},"_links":{"self":[{"href":"https:\/\/mention.com\/fr\/wp-json\/wp\/v2\/pages\/62366","targetHints":{"allow":["GET"]}}],"collection":[{"href":"https:\/\/mention.com\/fr\/wp-json\/wp\/v2\/pages"}],"about":[{"href":"https:\/\/mention.com\/fr\/wp-json\/wp\/v2\/types\/page"}],"author":[{"embeddable":true,"href":"https:\/\/mention.com\/fr\/wp-json\/wp\/v2\/users\/20"}],"replies":[{"embeddable":true,"href":"https:\/\/mention.com\/fr\/wp-json\/wp\/v2\/comments?post=62366"}],"version-history":[{"count":0,"href":"https:\/\/mention.com\/fr\/wp-json\/wp\/v2\/pages\/62366\/revisions"}],"wp:attachment":[{"href":"https:\/\/mention.com\/fr\/wp-json\/wp\/v2\/media?parent=62366"}],"curies":[{"name":"wp","href":"https:\/\/api.w.org\/{rel}","templated":true}]}}