{"id":62367,"date":"2024-05-01T13:51:51","date_gmt":"2024-05-01T13:51:51","guid":{"rendered":"https:\/\/mention.com\/?page_id=62367"},"modified":"2024-11-15T23:23:14","modified_gmt":"2024-11-15T23:23:14","slug":"etude-de-marche","status":"publish","type":"page","link":"https:\/\/mention.com\/fr\/etude-de-marche\/","title":{"rendered":"Etude de march\u00e9"},"content":{"rendered":"<div data-page-group=\"use-case\" data-page-name=\"use-case-market-research\" data-lang=\"fr\" class=\"mention-2024 page-use-case page-use-case--market-research lang-fr\">\n<div class=\"admin-placeholder\"><span class=\"locked\"> <\/span><\/div>\n<section data-section-name=\"hero\" class=\"section section--hero hero frontpage pt-xs-0 deletable block-root background-switchable display-switchable background-light\">\n<div class=\"container\">\n<h1 class=\"title center font-40 font-xs-40 fw-700 mt-xs-3 mb-xl-2 editable\">Boostez votre <span class=\"text-highlighted\">connaissance march\u00e9<\/span><\/h1>\n<p class=\"subtitle font-16 font-xs-16 mb-4 mt-xs-2 editable\">Identifiez les mouvements de votre march\u00e9 et restez pertinent aupr\u00e8s de vos cibles en anticipant l&#8217;\u00e9mergence de nouvelles technologies, de changements r\u00e9glementaires ou de comportements des consommateurs.<\/p>\n<div class=\"center cta mb-4\"><component data-id=\"buttons-demo-and-trial\"> <\/component><\/div>\n<div class=\"center editable illustration mt-xl-4 mb-xl-0 mb-4 \">\n<div class=\"image-multisources\">\n<div class=\"default editable\" data-title=\"Default image\"><a href=\"https:\/\/mention.com\/wp-content\/uploads\/2024\/05\/market-research-hero.svg\"> <img decoding=\"async\" data-src=\"https:\/\/mention.com\/wp-content\/uploads\/2024\/05\/market-research-hero.svg\" alt=\"\" width=\"1200\" height=\"500\" class=\"alignnone size-full wp-image-62438 lazyload\" src=\"data:image\/svg+xml;base64,PHN2ZyB3aWR0aD0iMSIgaGVpZ2h0PSIxIiB4bWxucz0iaHR0cDovL3d3dy53My5vcmcvMjAwMC9zdmciPjwvc3ZnPg==\" style=\"--smush-placeholder-width: 1200px; --smush-placeholder-aspect-ratio: 1200\/500;\" \/> <\/a><\/div>\n<div class=\"mobile editable\" data-title=\"Mobile device image\"><\/div>\n<\/div>\n<\/div>\n<\/div>\n<\/section>\n<div class=\"admin-placeholder\"><span class=\"locked\"> <\/span><\/div>\n<section data-section-name=\"stay-ahead-of-the-curve\" class=\"section section--stay-ahead-of-the-curve background-switchable display-switchable deletable block-root\">\n<div class=\"two-sides two-sides--a-b\">\n<div class=\"area-b\">\n<div class=\"center editable\">\n<div class=\"image-multisources\">\n<div class=\"default editable\" data-title=\"Default image\"><a href=\"https:\/\/mention.com\/wp-content\/uploads\/2024\/05\/market-research-bloc-1.svg\"> <img decoding=\"async\" data-src=\"https:\/\/mention.com\/wp-content\/uploads\/2024\/05\/market-research-bloc-1.svg\" alt=\"\" width=\"540\" height=\"500\" class=\"alignnone size-full wp-image-62441 lazyload\" src=\"data:image\/svg+xml;base64,PHN2ZyB3aWR0aD0iMSIgaGVpZ2h0PSIxIiB4bWxucz0iaHR0cDovL3d3dy53My5vcmcvMjAwMC9zdmciPjwvc3ZnPg==\" style=\"--smush-placeholder-width: 540px; --smush-placeholder-aspect-ratio: 540\/500;\" \/> <\/a><\/div>\n<div class=\"mobile editable\" data-title=\"Mobile device image\"><\/div>\n<\/div>\n<\/div>\n<\/div>\n<div class=\"area-a\">\n<h2 class=\"title font-40 font-xs-32 fw-700 mb-4 editable\">Restez \u00e0 l&#8217;avant-garde de votre march\u00e9<\/h2>\n<p class=\"color-blue-dark font-16 font-xs-16 lh-xs-2 mb-0\">Rep\u00e9rez et suivez les leaders d&#8217;opinion de votre secteur, qu\u2019ils soient influenceurs ou critiques. Identifiez les th\u00e8mes cl\u00e9s qui stimulent les discussions de votre audience. Avec Mention, vous obtenez une compr\u00e9hension nuanc\u00e9e des sujets et acteurs qui animent votre march\u00e9.<\/p>\n<\/div>\n<div class=\"area-c\"><component data-id=\"buttons-demo-and-trial\"> <\/component><\/div>\n<\/div>\n<\/section>\n<div class=\"admin-placeholder\"><span class=\"locked\"> <\/span><\/div>\n<section data-section-name=\"spot-and-predict-trends\" class=\"section section--spot-and-predict-trends background-switchable display-switchable deletable block-root background-light\">\n<div class=\"two-sides two-sides--b-a\">\n<div class=\"area-b\">\n<div class=\"center editable\">\n<div class=\"image-multisources\">\n<div class=\"default editable\" data-title=\"Default image\"><a href=\"https:\/\/mention.com\/wp-content\/uploads\/2024\/05\/market-research-bloc-2.svg\"> <img decoding=\"async\" data-src=\"https:\/\/mention.com\/wp-content\/uploads\/2024\/05\/market-research-bloc-2.svg\" alt=\"\" width=\"540\" height=\"500\" class=\"alignnone size-full wp-image-62444 lazyload\" src=\"data:image\/svg+xml;base64,PHN2ZyB3aWR0aD0iMSIgaGVpZ2h0PSIxIiB4bWxucz0iaHR0cDovL3d3dy53My5vcmcvMjAwMC9zdmciPjwvc3ZnPg==\" style=\"--smush-placeholder-width: 540px; --smush-placeholder-aspect-ratio: 540\/500;\" \/> <\/a><\/div>\n<div class=\"mobile editable\" data-title=\"Mobile device image\"><\/div>\n<\/div>\n<\/div>\n<\/div>\n<div class=\"area-a\">\n<h2 class=\"title font-40 font-xs-32 fw-700 mb-4 editable\">D\u00e9couvrez les tendances qui font votre march\u00e9<\/h2>\n<p class=\"color-blue-dark font-16 font-xs-16 mb-0\">Dans le monde des affaires, capitaliser sur les opportunit\u00e9s au moment opportun est essentiel. Gr\u00e2ce aux donn\u00e9es r\u00e9colt\u00e9es par Mention, identifier les tendances \u00e9mergentes, suivre leur progression et saisissez les occasions id\u00e9ales pour augmenter votre visibilit\u00e9 et renforcer votre position sur le march\u00e9.<\/p>\n<\/div>\n<div class=\"area-c\"><component data-id=\"buttons-demo-and-trial\"> <\/component><\/div>\n<\/div>\n<\/section>\n<div class=\"admin-placeholder\"><span class=\"locked\"> <\/span><\/div>\n<section data-section-name=\"enhance-your-strategic-decision-making\" class=\"section section--enhance-your-strategic-decision-making background-switchable display-switchable deletable block-root\">\n<div class=\"two-sides two-sides--a-b\">\n<div class=\"area-b\">\n<div class=\"center editable\">\n<div class=\"image-multisources\">\n<div class=\"default editable\" data-title=\"Default image\"><a href=\"https:\/\/mention.com\/wp-content\/uploads\/2024\/05\/market-research-bloc-3.svg\"> <img decoding=\"async\" data-src=\"https:\/\/mention.com\/wp-content\/uploads\/2024\/05\/market-research-bloc-3.svg\" alt=\"\" width=\"540\" height=\"500\" class=\"alignnone size-full wp-image-62447 lazyload\" src=\"data:image\/svg+xml;base64,PHN2ZyB3aWR0aD0iMSIgaGVpZ2h0PSIxIiB4bWxucz0iaHR0cDovL3d3dy53My5vcmcvMjAwMC9zdmciPjwvc3ZnPg==\" style=\"--smush-placeholder-width: 540px; --smush-placeholder-aspect-ratio: 540\/500;\" \/> <\/a><\/div>\n<div class=\"mobile editable\" data-title=\"Mobile device image\"><\/div>\n<\/div>\n<\/div>\n<\/div>\n<div class=\"area-a\">\n<h2 class=\"title font-40 font-xs-32 fw-700 mb-4 editable\">Optimisez vos process de d\u00e9cision<\/h2>\n<p class=\"color-blue-dark font-16 font-xs-16 lh-xs-2 mb-0\">D\u00e9couvrez des opportunit\u00e9s de croissance business ou produit en analysant les sujets les plus discut\u00e9s de votre march\u00e9. Explorez de nouveaux march\u00e9s gr\u00e2ce \u00e0 l&#8217;analyse des mentions par r\u00e9gion et grantissez la croissance de votre organisation en fondant toutes vos d\u00e9cisions sur des donn\u00e9es fiables.<\/p>\n<\/div>\n<div class=\"area-c\"><component data-id=\"buttons-demo-and-trial\"> <\/component><\/div>\n<\/div>\n<\/section>\n<div class=\"admin-placeholder\"><span class=\"locked\"> <\/span><\/div>\n<section data-section-name=\"what-mention-can-do\" class=\"section section--what-mention-can-do background-switchable deletable block-root background-light\">\n<h2 class=\"title center font-40 font-xs-40 fw-700 mt-xs-3 mb-xs-4 mb-xl-4 editable\">Ce que Mention peut faire pour vous<\/h2>\n<div class=\"rounded-block-container children-same-height\">\n<div class=\"rounded-block background-white editable center block-root with-toolbar\"> Collecter des donn\u00e9es de mani\u00e8re rentable<\/div>\n<div class=\"rounded-block background-white editable center block-root with-toolbar\"> Segmenter vos donn\u00e9es par pays ou par langue<\/div>\n<div class=\"rounded-block background-white editable center block-root with-toolbar\"> Comprendre le sentiment de votre audience autour d\u2019un produit<\/div>\n<div class=\"rounded-block background-white editable center block-root with-toolbar\"> Identifier des opportunit\u00e9s de d\u00e9veloppement<\/div>\n<div class=\"rounded-block background-white editable center block-root with-toolbar\"> Rep\u00e9rer des influenceurs<\/div>\n<div class=\"rounded-block background-white editable center block-root with-toolbar\"> D\u00e9couvrir les canaux les plus utilis\u00e9s par votre march\u00e9<\/div>\n<\/div>\n<\/section>\n<div class=\"admin-placeholder\"><span class=\"locked\"> <\/span><\/div>\n<section data-section-name=\"testimonies-mobile\" class=\"section section--testimonies-mobile testimonies mobile-only background-switchable display-switchable full-width deletable block-root\"> <component data-id=\"testimonies-carousel\"> <\/component><\/section>\n<div class=\"admin-placeholder\"><span class=\"locked\"> <\/span><\/div>\n<p><!-- ============================== \/\/--><\/p>\n<section data-section-name=\"testimonies\" class=\"section section--testimonies-desktop background-switchable display-switchable deletable block-root desktop-only\">\n<div class=\"background-light customer-cases-container\">\n<div class=\"row gx-5\">\n<div class=\"col col-6\">\n<div class=\"customer-case\">\n<p class=\"quote color-blue-dark mb-xl-1 editable \">\u201cMention nous a permis d&#8217;identifier un pic de mentions de notre marque en Cor\u00e9e du Sud. Nous avons traduit nos publicit\u00e9s en cor\u00e9en afin de travailler cette cible. Nous n&#8217;aurions jamais d\u00e9couvert ce nouveau march\u00e9 sans Mention.\u201d<\/p>\n<p class=\"author color-blue-dark mb-xl-1 editable\">Sch\u00f6neck Shoaf, Co-Founder @1 Second Everyday<\/p>\n<p class=\"read-more mb-xl-1 editable\"><a href=\"#\">Read more <\/a><\/p>\n<\/div>\n<div class=\"customer-case\">\n<p class=\"quote color-blue-dark mb-xl-1 editable\">\u201cEn raison de la vari\u00e9t\u00e9 de produits et de solutions sur nos march\u00e9s, nous nous retrouvons souvent \u00e0 g\u00e9rer de nombreuses conversations en ligne. Mention nous permet d&#8217;affiner notre strat\u00e9gie de Social Listening, de gagner du temps, d&#8217;am\u00e9liorer notre efficacit\u00e9 et d&#8217;obtenir de meilleurs r\u00e9sultats.\u201d<\/p>\n<p class=\"author color-blue-dark mb-xl-1 editable \">Wen Ku, Associate Director, BenQ<\/p>\n<p class=\"read-more mb-xl-1 editable\"><a href=\"#\">Read more <\/a><\/p>\n<\/div>\n<div class=\"customer-logo-container\"><a href=\"https:\/\/www.capterra.com\/p\/149705\/Mention\/reviews\/\" target=\"_blank\" rel=\"noopener\"> <img decoding=\"async\" data-src=\"https:\/\/mention.com\/wp-content\/uploads\/2024\/05\/00.svg\" alt=\"\" width=\"69\" height=\"70\" class=\"alignnone size-full wp-image-62378 lazyload\" src=\"data:image\/svg+xml;base64,PHN2ZyB3aWR0aD0iMSIgaGVpZ2h0PSIxIiB4bWxucz0iaHR0cDovL3d3dy53My5vcmcvMjAwMC9zdmciPjwvc3ZnPg==\" style=\"--smush-placeholder-width: 69px; --smush-placeholder-aspect-ratio: 69\/70;\" \/> <\/a> <a href=\"https:\/\/www.g2.com\/products\/mention\/reviews\" target=\"_blank\" rel=\"noopener\"> <img decoding=\"async\" data-src=\"https:\/\/mention.com\/wp-content\/uploads\/2024\/05\/01.svg\" alt=\"\" width=\"71\" height=\"70\" class=\"alignnone size-full wp-image-62381 lazyload\" src=\"data:image\/svg+xml;base64,PHN2ZyB3aWR0aD0iMSIgaGVpZ2h0PSIxIiB4bWxucz0iaHR0cDovL3d3dy53My5vcmcvMjAwMC9zdmciPjwvc3ZnPg==\" style=\"--smush-placeholder-width: 71px; --smush-placeholder-aspect-ratio: 71\/70;\" \/> <\/a> <a href=\"https:\/\/www.trustradius.com\/products\/mention\/reviews#reviews\" target=\"_blank\" rel=\"noopener\"> <img decoding=\"async\" data-src=\"https:\/\/mention.com\/wp-content\/uploads\/2024\/05\/02.svg\" alt=\"\" width=\"71\" height=\"70\" class=\"alignnone size-full wp-image-62384 lazyload\" src=\"data:image\/svg+xml;base64,PHN2ZyB3aWR0aD0iMSIgaGVpZ2h0PSIxIiB4bWxucz0iaHR0cDovL3d3dy53My5vcmcvMjAwMC9zdmciPjwvc3ZnPg==\" style=\"--smush-placeholder-width: 71px; --smush-placeholder-aspect-ratio: 71\/70;\" \/> <\/a><\/div>\n<\/div>\n<div class=\"col col-6\">\n<div class=\"customer-case\">\n<div class=\"customer-illustration\">\n<div class=\"image-multisources\">\n<div class=\"default editable\" data-title=\"Default image\"><img decoding=\"async\" data-src=\"https:\/\/mention.com\/wp-content\/uploads\/2024\/05\/market-research-testimonies.jpg\" alt=\"\" width=\"1400\" height=\"800\" class=\"alignnone size-full wp-image-62466 lazyload\" src=\"data:image\/svg+xml;base64,PHN2ZyB3aWR0aD0iMSIgaGVpZ2h0PSIxIiB4bWxucz0iaHR0cDovL3d3dy53My5vcmcvMjAwMC9zdmciPjwvc3ZnPg==\" style=\"--smush-placeholder-width: 1400px; --smush-placeholder-aspect-ratio: 1400\/800;\" \/><\/div>\n<div class=\"mobile editable\" data-title=\"Mobile device image\"><\/div>\n<\/div>\n<\/div>\n<p class=\"quote color-blue-dark mb-xl-1 editable\">\u201cNous surveillons nos concurrents dans le monde entier. Un nouveau concurrent vient d\u2019arriver en France, gr\u00e2ce \u00e0 Mention, je peux savoir facilement et rapidement ce qui se dit sur lui.\u201d<\/p>\n<p class=\"author color-blue-dark mb-xl-1 editable\">Benjamin Bianchet, Chief Marketing Officer @Leetchi<\/p>\n<p class=\"read-more mb-xl-1 editable\"><a href=\"#\">Read more <\/a><\/p>\n<\/div>\n<\/div>\n<\/div>\n<\/div>\n<\/section>\n<div class=\"admin-placeholder\"><span class=\"locked\"> <\/span><\/div>\n<p><!-- ============================== \/\/--><\/p>\n<section data-section-name=\"secret-to-your-brand\" class=\"background-switchable display-switchable deletable block-root\"> <component data-id=\"secret-to-your-brand\"> <\/component><\/section>\n<div class=\"admin-placeholder\"><span class=\"locked\"> <\/span><\/div>\n<\/div>\n","protected":false},"excerpt":{"rendered":"<p>Boostez votre connaissance march\u00e9 Identifiez les mouvements de votre march\u00e9 et restez pertinent aupr\u00e8s de vos cibles en anticipant l&#8217;\u00e9mergence de nouvelles technologies, de changements r\u00e9glementaires ou de comportements des consommateurs. Restez \u00e0 l&#8217;avant-garde de votre march\u00e9 Rep\u00e9rez et suivez les leaders d&#8217;opinion de votre secteur, qu\u2019ils soient influenceurs ou critiques. Identifiez les th\u00e8mes cl\u00e9s &hellip; <a href=\"https:\/\/mention.com\/fr\/etude-de-marche\/\" class=\"more-link\">Continue reading <span class=\"screen-reader-text\">Etude de march\u00e9<\/span><\/a><\/p>\n","protected":false},"author":20,"featured_media":0,"parent":0,"menu_order":0,"comment_status":"closed","ping_status":"closed","template":"frontpage.php","meta":{"_acf_changed":false,"inline_featured_image":false,"footnotes":""},"class_list":["post-62367","page","type-page","status-publish","hentry"],"acf":[],"yoast_head":"<!-- This site is optimized with the Yoast SEO plugin v27.5 - https:\/\/yoast.com\/product\/yoast-seo-wordpress\/ -->\n<title>Etude de march\u00e9 | Mention<\/title>\n<meta name=\"robots\" content=\"index, follow, max-snippet:-1, max-image-preview:large, max-video-preview:-1\" \/>\n<link rel=\"canonical\" href=\"https:\/\/mention.com\/fr\/etude-de-marche\/\" \/>\n<meta property=\"og:locale\" content=\"fr_FR\" \/>\n<meta property=\"og:type\" content=\"article\" \/>\n<meta property=\"og:title\" content=\"Etude de march\u00e9 | Mention\" \/>\n<meta property=\"og:description\" content=\"Boostez votre connaissance march\u00e9 Identifiez les mouvements de votre march\u00e9 et restez pertinent aupr\u00e8s de vos cibles en anticipant l&#8217;\u00e9mergence de nouvelles technologies, de changements r\u00e9glementaires ou de comportements des consommateurs. Restez \u00e0 l&#8217;avant-garde de votre march\u00e9 Rep\u00e9rez et suivez les leaders d&#8217;opinion de votre secteur, qu\u2019ils soient influenceurs ou critiques. Identifiez les th\u00e8mes cl\u00e9s &hellip; Continue reading Etude de march\u00e9\" \/>\n<meta property=\"og:url\" content=\"https:\/\/mention.com\/fr\/etude-de-marche\/\" \/>\n<meta property=\"og:site_name\" content=\"Mention\" \/>\n<meta property=\"article:modified_time\" content=\"2024-11-15T23:23:14+00:00\" \/>\n<meta property=\"og:image\" content=\"https:\/\/mention.com\/wp-content\/uploads\/2024\/05\/market-research-hero.svg\" \/>\n<meta name=\"twitter:card\" content=\"summary_large_image\" \/>\n<meta name=\"twitter:label1\" content=\"Est. reading time\" \/>\n\t<meta name=\"twitter:data1\" content=\"4 minutes\" \/>\n<script type=\"application\/ld+json\" class=\"yoast-schema-graph\">{\"@context\":\"https:\\\/\\\/schema.org\",\"@graph\":[{\"@type\":\"WebPage\",\"@id\":\"https:\\\/\\\/mention.com\\\/fr\\\/etude-de-marche\\\/\",\"url\":\"https:\\\/\\\/mention.com\\\/fr\\\/etude-de-marche\\\/\",\"name\":\"Etude de march\u00e9 | Mention\",\"isPartOf\":{\"@id\":\"https:\\\/\\\/mention.com\\\/en\\\/#website\"},\"primaryImageOfPage\":{\"@id\":\"https:\\\/\\\/mention.com\\\/fr\\\/etude-de-marche\\\/#primaryimage\"},\"image\":{\"@id\":\"https:\\\/\\\/mention.com\\\/fr\\\/etude-de-marche\\\/#primaryimage\"},\"thumbnailUrl\":\"https:\\\/\\\/mention.com\\\/wp-content\\\/uploads\\\/2024\\\/05\\\/market-research-hero.svg\",\"datePublished\":\"2024-05-01T13:51:51+00:00\",\"dateModified\":\"2024-11-15T23:23:14+00:00\",\"breadcrumb\":{\"@id\":\"https:\\\/\\\/mention.com\\\/fr\\\/etude-de-marche\\\/#breadcrumb\"},\"inLanguage\":\"fr\",\"potentialAction\":[{\"@type\":\"ReadAction\",\"target\":[\"https:\\\/\\\/mention.com\\\/fr\\\/etude-de-marche\\\/\"]}]},{\"@type\":\"ImageObject\",\"inLanguage\":\"fr\",\"@id\":\"https:\\\/\\\/mention.com\\\/fr\\\/etude-de-marche\\\/#primaryimage\",\"url\":\"https:\\\/\\\/mention.com\\\/wp-content\\\/uploads\\\/2024\\\/05\\\/market-research-hero.svg\",\"contentUrl\":\"https:\\\/\\\/mention.com\\\/wp-content\\\/uploads\\\/2024\\\/05\\\/market-research-hero.svg\"},{\"@type\":\"BreadcrumbList\",\"@id\":\"https:\\\/\\\/mention.com\\\/fr\\\/etude-de-marche\\\/#breadcrumb\",\"itemListElement\":[{\"@type\":\"ListItem\",\"position\":1,\"name\":\"Home\",\"item\":\"https:\\\/\\\/mention.com\\\/fr\\\/\"},{\"@type\":\"ListItem\",\"position\":2,\"name\":\"Etude de march\u00e9\"}]},{\"@type\":\"WebSite\",\"@id\":\"https:\\\/\\\/mention.com\\\/en\\\/#website\",\"url\":\"https:\\\/\\\/mention.com\\\/en\\\/\",\"name\":\"Mention\",\"description\":\"Veille en ligne\",\"publisher\":{\"@id\":\"https:\\\/\\\/mention.com\\\/en\\\/#organization\"},\"potentialAction\":[{\"@type\":\"SearchAction\",\"target\":{\"@type\":\"EntryPoint\",\"urlTemplate\":\"https:\\\/\\\/mention.com\\\/en\\\/?s={search_term_string}\"},\"query-input\":{\"@type\":\"PropertyValueSpecification\",\"valueRequired\":true,\"valueName\":\"search_term_string\"}}],\"inLanguage\":\"fr\"},{\"@type\":\"Organization\",\"@id\":\"https:\\\/\\\/mention.com\\\/en\\\/#organization\",\"name\":\"Mention\",\"url\":\"https:\\\/\\\/mention.com\\\/en\\\/\",\"logo\":{\"@type\":\"ImageObject\",\"inLanguage\":\"fr\",\"@id\":\"https:\\\/\\\/mention.com\\\/en\\\/#\\\/schema\\\/logo\\\/image\\\/\",\"url\":\"https:\\\/\\\/mention.com\\\/wp-content\\\/uploads\\\/2019\\\/04\\\/mention-about.png\",\"contentUrl\":\"https:\\\/\\\/mention.com\\\/wp-content\\\/uploads\\\/2019\\\/04\\\/mention-about.png\",\"width\":328,\"height\":76,\"caption\":\"Mention\"},\"image\":{\"@id\":\"https:\\\/\\\/mention.com\\\/en\\\/#\\\/schema\\\/logo\\\/image\\\/\"}}]}<\/script>\n<!-- \/ Yoast SEO plugin. -->","yoast_head_json":{"title":"Etude de march\u00e9 | Mention","robots":{"index":"index","follow":"follow","max-snippet":"max-snippet:-1","max-image-preview":"max-image-preview:large","max-video-preview":"max-video-preview:-1"},"canonical":"https:\/\/mention.com\/fr\/etude-de-marche\/","og_locale":"fr_FR","og_type":"article","og_title":"Etude de march\u00e9 | Mention","og_description":"Boostez votre connaissance march\u00e9 Identifiez les mouvements de votre march\u00e9 et restez pertinent aupr\u00e8s de vos cibles en anticipant l&#8217;\u00e9mergence de nouvelles technologies, de changements r\u00e9glementaires ou de comportements des consommateurs. Restez \u00e0 l&#8217;avant-garde de votre march\u00e9 Rep\u00e9rez et suivez les leaders d&#8217;opinion de votre secteur, qu\u2019ils soient influenceurs ou critiques. Identifiez les th\u00e8mes cl\u00e9s &hellip; Continue reading Etude de march\u00e9","og_url":"https:\/\/mention.com\/fr\/etude-de-marche\/","og_site_name":"Mention","article_modified_time":"2024-11-15T23:23:14+00:00","og_image":[{"url":"https:\/\/mention.com\/wp-content\/uploads\/2024\/05\/market-research-hero.svg","type":"","width":"","height":""}],"twitter_card":"summary_large_image","twitter_misc":{"Est. reading time":"4 minutes"},"schema":{"@context":"https:\/\/schema.org","@graph":[{"@type":"WebPage","@id":"https:\/\/mention.com\/fr\/etude-de-marche\/","url":"https:\/\/mention.com\/fr\/etude-de-marche\/","name":"Etude de march\u00e9 | Mention","isPartOf":{"@id":"https:\/\/mention.com\/en\/#website"},"primaryImageOfPage":{"@id":"https:\/\/mention.com\/fr\/etude-de-marche\/#primaryimage"},"image":{"@id":"https:\/\/mention.com\/fr\/etude-de-marche\/#primaryimage"},"thumbnailUrl":"https:\/\/mention.com\/wp-content\/uploads\/2024\/05\/market-research-hero.svg","datePublished":"2024-05-01T13:51:51+00:00","dateModified":"2024-11-15T23:23:14+00:00","breadcrumb":{"@id":"https:\/\/mention.com\/fr\/etude-de-marche\/#breadcrumb"},"inLanguage":"fr","potentialAction":[{"@type":"ReadAction","target":["https:\/\/mention.com\/fr\/etude-de-marche\/"]}]},{"@type":"ImageObject","inLanguage":"fr","@id":"https:\/\/mention.com\/fr\/etude-de-marche\/#primaryimage","url":"https:\/\/mention.com\/wp-content\/uploads\/2024\/05\/market-research-hero.svg","contentUrl":"https:\/\/mention.com\/wp-content\/uploads\/2024\/05\/market-research-hero.svg"},{"@type":"BreadcrumbList","@id":"https:\/\/mention.com\/fr\/etude-de-marche\/#breadcrumb","itemListElement":[{"@type":"ListItem","position":1,"name":"Home","item":"https:\/\/mention.com\/fr\/"},{"@type":"ListItem","position":2,"name":"Etude de march\u00e9"}]},{"@type":"WebSite","@id":"https:\/\/mention.com\/en\/#website","url":"https:\/\/mention.com\/en\/","name":"Mention","description":"Veille en ligne","publisher":{"@id":"https:\/\/mention.com\/en\/#organization"},"potentialAction":[{"@type":"SearchAction","target":{"@type":"EntryPoint","urlTemplate":"https:\/\/mention.com\/en\/?s={search_term_string}"},"query-input":{"@type":"PropertyValueSpecification","valueRequired":true,"valueName":"search_term_string"}}],"inLanguage":"fr"},{"@type":"Organization","@id":"https:\/\/mention.com\/en\/#organization","name":"Mention","url":"https:\/\/mention.com\/en\/","logo":{"@type":"ImageObject","inLanguage":"fr","@id":"https:\/\/mention.com\/en\/#\/schema\/logo\/image\/","url":"https:\/\/mention.com\/wp-content\/uploads\/2019\/04\/mention-about.png","contentUrl":"https:\/\/mention.com\/wp-content\/uploads\/2019\/04\/mention-about.png","width":328,"height":76,"caption":"Mention"},"image":{"@id":"https:\/\/mention.com\/en\/#\/schema\/logo\/image\/"}}]}},"_links":{"self":[{"href":"https:\/\/mention.com\/fr\/wp-json\/wp\/v2\/pages\/62367","targetHints":{"allow":["GET"]}}],"collection":[{"href":"https:\/\/mention.com\/fr\/wp-json\/wp\/v2\/pages"}],"about":[{"href":"https:\/\/mention.com\/fr\/wp-json\/wp\/v2\/types\/page"}],"author":[{"embeddable":true,"href":"https:\/\/mention.com\/fr\/wp-json\/wp\/v2\/users\/20"}],"replies":[{"embeddable":true,"href":"https:\/\/mention.com\/fr\/wp-json\/wp\/v2\/comments?post=62367"}],"version-history":[{"count":0,"href":"https:\/\/mention.com\/fr\/wp-json\/wp\/v2\/pages\/62367\/revisions"}],"wp:attachment":[{"href":"https:\/\/mention.com\/fr\/wp-json\/wp\/v2\/media?parent=62367"}],"curies":[{"name":"wp","href":"https:\/\/api.w.org\/{rel}","templated":true}]}}