{"id":6355,"date":"2015-12-18T16:16:14","date_gmt":"2015-12-18T16:16:14","guid":{"rendered":"https:\/\/mentionlive.wpengine.com\/fr\/media-monitoring\/social-media-monitoring-tools\/twitter-mentions\/"},"modified":"2023-04-06T12:53:17","modified_gmt":"2023-04-06T12:53:17","slug":"veille-twitter","status":"publish","type":"page","link":"https:\/\/mention.com\/fr\/veille-reseaux-sociaux\/veille-twitter\/","title":{"rendered":"Veille Twitter (Twitter Mentions)"},"content":{"rendered":"","protected":false},"excerpt":{"rendered":"","protected":false},"author":3,"featured_media":0,"parent":6327,"menu_order":0,"comment_status":"open","ping_status":"open","template":"templates\/seoSocials.php","meta":{"_acf_changed":false,"inline_featured_image":false,"footnotes":""},"class_list":["post-6355","page","type-page","status-publish","hentry"],"acf":[],"yoast_head":"<!-- This site is optimized with the Yoast SEO plugin v27.3 - https:\/\/yoast.com\/product\/yoast-seo-wordpress\/ -->\n<title>Veille Twitter | Mention \u272a<\/title>\n<meta name=\"description\" content=\"Recueillez les mentions, mots cl\u00e9s, #hashags de Twitter et r\u00e9pondez en temps r\u00e9el! D\u00e9couvrez les outils de veille Twitter de Mention.\" \/>\n<meta name=\"robots\" content=\"index, follow, max-snippet:-1, max-image-preview:large, max-video-preview:-1\" \/>\n<link rel=\"canonical\" href=\"https:\/\/mention.com\/fr\/veille-reseaux-sociaux\/veille-twitter\/\" \/>\n<meta property=\"og:locale\" content=\"fr_FR\" \/>\n<meta property=\"og:type\" content=\"article\" \/>\n<meta property=\"og:title\" content=\"Veille Twitter | Mention \u272a\" \/>\n<meta property=\"og:description\" content=\"Recueillez les mentions, mots cl\u00e9s, #hashags de Twitter et r\u00e9pondez en temps r\u00e9el! D\u00e9couvrez les outils de veille Twitter de Mention.\" \/>\n<meta property=\"og:url\" content=\"https:\/\/mention.com\/fr\/veille-reseaux-sociaux\/veille-twitter\/\" \/>\n<meta property=\"og:site_name\" content=\"Mention\" \/>\n<meta property=\"article:modified_time\" content=\"2023-04-06T12:53:17+00:00\" \/>\n<meta name=\"twitter:card\" content=\"summary_large_image\" \/>\n<script type=\"application\/ld+json\" class=\"yoast-schema-graph\">{\"@context\":\"https:\\\/\\\/schema.org\",\"@graph\":[{\"@type\":\"WebPage\",\"@id\":\"https:\\\/\\\/mention.com\\\/fr\\\/veille-reseaux-sociaux\\\/veille-twitter\\\/\",\"url\":\"https:\\\/\\\/mention.com\\\/fr\\\/veille-reseaux-sociaux\\\/veille-twitter\\\/\",\"name\":\"Veille Twitter | Mention \u272a\",\"isPartOf\":{\"@id\":\"https:\\\/\\\/mention.com\\\/en\\\/#website\"},\"datePublished\":\"2015-12-18T16:16:14+00:00\",\"dateModified\":\"2023-04-06T12:53:17+00:00\",\"description\":\"Recueillez les mentions, mots cl\u00e9s, #hashags de Twitter et r\u00e9pondez en temps r\u00e9el! D\u00e9couvrez les outils de veille Twitter de Mention.\",\"breadcrumb\":{\"@id\":\"https:\\\/\\\/mention.com\\\/fr\\\/veille-reseaux-sociaux\\\/veille-twitter\\\/#breadcrumb\"},\"inLanguage\":\"fr\",\"potentialAction\":[{\"@type\":\"ReadAction\",\"target\":[\"https:\\\/\\\/mention.com\\\/fr\\\/veille-reseaux-sociaux\\\/veille-twitter\\\/\"]}]},{\"@type\":\"BreadcrumbList\",\"@id\":\"https:\\\/\\\/mention.com\\\/fr\\\/veille-reseaux-sociaux\\\/veille-twitter\\\/#breadcrumb\",\"itemListElement\":[{\"@type\":\"ListItem\",\"position\":1,\"name\":\"Home\",\"item\":\"https:\\\/\\\/mention.com\\\/fr\\\/\"},{\"@type\":\"ListItem\",\"position\":2,\"name\":\"Veille r\u00e9seaux sociaux (social media monitoring tools)\",\"item\":\"https:\\\/\\\/mention.com\\\/fr\\\/veille-reseaux-sociaux\\\/\"},{\"@type\":\"ListItem\",\"position\":3,\"name\":\"Veille Twitter (Twitter Mentions)\"}]},{\"@type\":\"WebSite\",\"@id\":\"https:\\\/\\\/mention.com\\\/en\\\/#website\",\"url\":\"https:\\\/\\\/mention.com\\\/en\\\/\",\"name\":\"Mention\",\"description\":\"Veille en ligne\",\"publisher\":{\"@id\":\"https:\\\/\\\/mention.com\\\/en\\\/#organization\"},\"potentialAction\":[{\"@type\":\"SearchAction\",\"target\":{\"@type\":\"EntryPoint\",\"urlTemplate\":\"https:\\\/\\\/mention.com\\\/en\\\/?s={search_term_string}\"},\"query-input\":{\"@type\":\"PropertyValueSpecification\",\"valueRequired\":true,\"valueName\":\"search_term_string\"}}],\"inLanguage\":\"fr\"},{\"@type\":\"Organization\",\"@id\":\"https:\\\/\\\/mention.com\\\/en\\\/#organization\",\"name\":\"Mention\",\"url\":\"https:\\\/\\\/mention.com\\\/en\\\/\",\"logo\":{\"@type\":\"ImageObject\",\"inLanguage\":\"fr\",\"@id\":\"https:\\\/\\\/mention.com\\\/en\\\/#\\\/schema\\\/logo\\\/image\\\/\",\"url\":\"https:\\\/\\\/mention.com\\\/wp-content\\\/uploads\\\/2019\\\/04\\\/mention-about.png\",\"contentUrl\":\"https:\\\/\\\/mention.com\\\/wp-content\\\/uploads\\\/2019\\\/04\\\/mention-about.png\",\"width\":328,\"height\":76,\"caption\":\"Mention\"},\"image\":{\"@id\":\"https:\\\/\\\/mention.com\\\/en\\\/#\\\/schema\\\/logo\\\/image\\\/\"}}]}<\/script>\n<!-- \/ Yoast SEO plugin. -->","yoast_head_json":{"title":"Veille Twitter | Mention \u272a","description":"Recueillez les mentions, mots cl\u00e9s, #hashags de Twitter et r\u00e9pondez en temps r\u00e9el! D\u00e9couvrez les outils de veille Twitter de Mention.","robots":{"index":"index","follow":"follow","max-snippet":"max-snippet:-1","max-image-preview":"max-image-preview:large","max-video-preview":"max-video-preview:-1"},"canonical":"https:\/\/mention.com\/fr\/veille-reseaux-sociaux\/veille-twitter\/","og_locale":"fr_FR","og_type":"article","og_title":"Veille Twitter | Mention \u272a","og_description":"Recueillez les mentions, mots cl\u00e9s, #hashags de Twitter et r\u00e9pondez en temps r\u00e9el! D\u00e9couvrez les outils de veille Twitter de Mention.","og_url":"https:\/\/mention.com\/fr\/veille-reseaux-sociaux\/veille-twitter\/","og_site_name":"Mention","article_modified_time":"2023-04-06T12:53:17+00:00","twitter_card":"summary_large_image","schema":{"@context":"https:\/\/schema.org","@graph":[{"@type":"WebPage","@id":"https:\/\/mention.com\/fr\/veille-reseaux-sociaux\/veille-twitter\/","url":"https:\/\/mention.com\/fr\/veille-reseaux-sociaux\/veille-twitter\/","name":"Veille Twitter | Mention \u272a","isPartOf":{"@id":"https:\/\/mention.com\/en\/#website"},"datePublished":"2015-12-18T16:16:14+00:00","dateModified":"2023-04-06T12:53:17+00:00","description":"Recueillez les mentions, mots cl\u00e9s, #hashags de Twitter et r\u00e9pondez en temps r\u00e9el! D\u00e9couvrez les outils de veille Twitter de Mention.","breadcrumb":{"@id":"https:\/\/mention.com\/fr\/veille-reseaux-sociaux\/veille-twitter\/#breadcrumb"},"inLanguage":"fr","potentialAction":[{"@type":"ReadAction","target":["https:\/\/mention.com\/fr\/veille-reseaux-sociaux\/veille-twitter\/"]}]},{"@type":"BreadcrumbList","@id":"https:\/\/mention.com\/fr\/veille-reseaux-sociaux\/veille-twitter\/#breadcrumb","itemListElement":[{"@type":"ListItem","position":1,"name":"Home","item":"https:\/\/mention.com\/fr\/"},{"@type":"ListItem","position":2,"name":"Veille r\u00e9seaux sociaux (social media monitoring tools)","item":"https:\/\/mention.com\/fr\/veille-reseaux-sociaux\/"},{"@type":"ListItem","position":3,"name":"Veille Twitter (Twitter Mentions)"}]},{"@type":"WebSite","@id":"https:\/\/mention.com\/en\/#website","url":"https:\/\/mention.com\/en\/","name":"Mention","description":"Veille en ligne","publisher":{"@id":"https:\/\/mention.com\/en\/#organization"},"potentialAction":[{"@type":"SearchAction","target":{"@type":"EntryPoint","urlTemplate":"https:\/\/mention.com\/en\/?s={search_term_string}"},"query-input":{"@type":"PropertyValueSpecification","valueRequired":true,"valueName":"search_term_string"}}],"inLanguage":"fr"},{"@type":"Organization","@id":"https:\/\/mention.com\/en\/#organization","name":"Mention","url":"https:\/\/mention.com\/en\/","logo":{"@type":"ImageObject","inLanguage":"fr","@id":"https:\/\/mention.com\/en\/#\/schema\/logo\/image\/","url":"https:\/\/mention.com\/wp-content\/uploads\/2019\/04\/mention-about.png","contentUrl":"https:\/\/mention.com\/wp-content\/uploads\/2019\/04\/mention-about.png","width":328,"height":76,"caption":"Mention"},"image":{"@id":"https:\/\/mention.com\/en\/#\/schema\/logo\/image\/"}}]}},"_links":{"self":[{"href":"https:\/\/mention.com\/fr\/wp-json\/wp\/v2\/pages\/6355","targetHints":{"allow":["GET"]}}],"collection":[{"href":"https:\/\/mention.com\/fr\/wp-json\/wp\/v2\/pages"}],"about":[{"href":"https:\/\/mention.com\/fr\/wp-json\/wp\/v2\/types\/page"}],"author":[{"embeddable":true,"href":"https:\/\/mention.com\/fr\/wp-json\/wp\/v2\/users\/3"}],"replies":[{"embeddable":true,"href":"https:\/\/mention.com\/fr\/wp-json\/wp\/v2\/comments?post=6355"}],"version-history":[{"count":0,"href":"https:\/\/mention.com\/fr\/wp-json\/wp\/v2\/pages\/6355\/revisions"}],"up":[{"embeddable":true,"href":"https:\/\/mention.com\/fr\/wp-json\/wp\/v2\/pages\/6327"}],"wp:attachment":[{"href":"https:\/\/mention.com\/fr\/wp-json\/wp\/v2\/media?parent=6355"}],"curies":[{"name":"wp","href":"https:\/\/api.w.org\/{rel}","templated":true}]}}