{"id":8139,"date":"2017-10-25T14:16:24","date_gmt":"2017-10-25T14:16:24","guid":{"rendered":"https:\/\/mentionlive.staging.wpengine.com\/fr\/?page_id=8093"},"modified":"2017-11-16T13:53:11","modified_gmt":"2017-11-16T13:53:11","slug":"eden","status":"publish","type":"page","link":"https:\/\/mention.com\/fr\/eden\/","title":{"rendered":"Mention Customers | Equilibre des Energies"},"content":{"rendered":"","protected":false},"excerpt":{"rendered":"","protected":false},"author":34,"featured_media":0,"parent":0,"menu_order":0,"comment_status":"closed","ping_status":"closed","template":"templates\/caseStudy.php","meta":{"_acf_changed":false,"inline_featured_image":false,"footnotes":""},"class_list":["post-8139","page","type-page","status-publish","hentry"],"acf":[],"yoast_head":"<!-- This site is optimized with the Yoast SEO plugin v27.6 - https:\/\/yoast.com\/product\/yoast-seo-wordpress\/ -->\n<title>T\u00e9moignage client Mention - Equilibre des \u00e9nergies<\/title>\n<meta name=\"description\" content=\"D\u00e9couvrez comment l&#039;association fran\u00e7aise EdEn g\u00e8re son image de marque et acc\u00e8de aux informations pertinentes avec Mention.\" \/>\n<meta name=\"robots\" content=\"index, follow, max-snippet:-1, max-image-preview:large, max-video-preview:-1\" \/>\n<link rel=\"canonical\" href=\"https:\/\/mention.com\/fr\/eden\/\" \/>\n<meta property=\"og:locale\" content=\"fr_FR\" \/>\n<meta property=\"og:type\" content=\"article\" \/>\n<meta property=\"og:title\" content=\"T\u00e9moignage client Mention - Equilibre des \u00e9nergies\" \/>\n<meta property=\"og:description\" content=\"D\u00e9couvrez comment l&#039;association fran\u00e7aise EdEn g\u00e8re son image de marque et acc\u00e8de aux informations pertinentes avec Mention.\" \/>\n<meta property=\"og:url\" content=\"https:\/\/mention.com\/fr\/eden\/\" \/>\n<meta property=\"og:site_name\" content=\"Mention\" \/>\n<meta property=\"article:modified_time\" content=\"2017-11-16T13:53:11+00:00\" \/>\n<meta name=\"twitter:card\" content=\"summary_large_image\" \/>\n<script type=\"application\/ld+json\" class=\"yoast-schema-graph\">{\"@context\":\"https:\\\/\\\/schema.org\",\"@graph\":[{\"@type\":\"WebPage\",\"@id\":\"https:\\\/\\\/mention.com\\\/fr\\\/eden\\\/\",\"url\":\"https:\\\/\\\/mention.com\\\/fr\\\/eden\\\/\",\"name\":\"T\u00e9moignage client Mention - Equilibre des \u00e9nergies\",\"isPartOf\":{\"@id\":\"https:\\\/\\\/mention.com\\\/en\\\/#website\"},\"datePublished\":\"2017-10-25T14:16:24+00:00\",\"dateModified\":\"2017-11-16T13:53:11+00:00\",\"description\":\"D\u00e9couvrez comment l'association fran\u00e7aise EdEn g\u00e8re son image de marque et acc\u00e8de aux informations pertinentes avec Mention.\",\"breadcrumb\":{\"@id\":\"https:\\\/\\\/mention.com\\\/fr\\\/eden\\\/#breadcrumb\"},\"inLanguage\":\"fr\",\"potentialAction\":[{\"@type\":\"ReadAction\",\"target\":[\"https:\\\/\\\/mention.com\\\/fr\\\/eden\\\/\"]}]},{\"@type\":\"BreadcrumbList\",\"@id\":\"https:\\\/\\\/mention.com\\\/fr\\\/eden\\\/#breadcrumb\",\"itemListElement\":[{\"@type\":\"ListItem\",\"position\":1,\"name\":\"Home\",\"item\":\"https:\\\/\\\/mention.com\\\/fr\\\/\"},{\"@type\":\"ListItem\",\"position\":2,\"name\":\"Mention Customers | Equilibre des Energies\"}]},{\"@type\":\"WebSite\",\"@id\":\"https:\\\/\\\/mention.com\\\/en\\\/#website\",\"url\":\"https:\\\/\\\/mention.com\\\/en\\\/\",\"name\":\"Mention\",\"description\":\"Veille en ligne\",\"publisher\":{\"@id\":\"https:\\\/\\\/mention.com\\\/en\\\/#organization\"},\"potentialAction\":[{\"@type\":\"SearchAction\",\"target\":{\"@type\":\"EntryPoint\",\"urlTemplate\":\"https:\\\/\\\/mention.com\\\/en\\\/?s={search_term_string}\"},\"query-input\":{\"@type\":\"PropertyValueSpecification\",\"valueRequired\":true,\"valueName\":\"search_term_string\"}}],\"inLanguage\":\"fr\"},{\"@type\":\"Organization\",\"@id\":\"https:\\\/\\\/mention.com\\\/en\\\/#organization\",\"name\":\"Mention\",\"url\":\"https:\\\/\\\/mention.com\\\/en\\\/\",\"logo\":{\"@type\":\"ImageObject\",\"inLanguage\":\"fr\",\"@id\":\"https:\\\/\\\/mention.com\\\/en\\\/#\\\/schema\\\/logo\\\/image\\\/\",\"url\":\"https:\\\/\\\/mention.com\\\/wp-content\\\/uploads\\\/2019\\\/04\\\/mention-about.png\",\"contentUrl\":\"https:\\\/\\\/mention.com\\\/wp-content\\\/uploads\\\/2019\\\/04\\\/mention-about.png\",\"width\":328,\"height\":76,\"caption\":\"Mention\"},\"image\":{\"@id\":\"https:\\\/\\\/mention.com\\\/en\\\/#\\\/schema\\\/logo\\\/image\\\/\"}}]}<\/script>\n<!-- \/ Yoast SEO plugin. -->","yoast_head_json":{"title":"T\u00e9moignage client Mention - Equilibre des \u00e9nergies","description":"D\u00e9couvrez comment l'association fran\u00e7aise EdEn g\u00e8re son image de marque et acc\u00e8de aux informations pertinentes avec Mention.","robots":{"index":"index","follow":"follow","max-snippet":"max-snippet:-1","max-image-preview":"max-image-preview:large","max-video-preview":"max-video-preview:-1"},"canonical":"https:\/\/mention.com\/fr\/eden\/","og_locale":"fr_FR","og_type":"article","og_title":"T\u00e9moignage client Mention - Equilibre des \u00e9nergies","og_description":"D\u00e9couvrez comment l'association fran\u00e7aise EdEn g\u00e8re son image de marque et acc\u00e8de aux informations pertinentes avec Mention.","og_url":"https:\/\/mention.com\/fr\/eden\/","og_site_name":"Mention","article_modified_time":"2017-11-16T13:53:11+00:00","twitter_card":"summary_large_image","schema":{"@context":"https:\/\/schema.org","@graph":[{"@type":"WebPage","@id":"https:\/\/mention.com\/fr\/eden\/","url":"https:\/\/mention.com\/fr\/eden\/","name":"T\u00e9moignage client Mention - Equilibre des \u00e9nergies","isPartOf":{"@id":"https:\/\/mention.com\/en\/#website"},"datePublished":"2017-10-25T14:16:24+00:00","dateModified":"2017-11-16T13:53:11+00:00","description":"D\u00e9couvrez comment l'association fran\u00e7aise EdEn g\u00e8re son image de marque et acc\u00e8de aux informations pertinentes avec Mention.","breadcrumb":{"@id":"https:\/\/mention.com\/fr\/eden\/#breadcrumb"},"inLanguage":"fr","potentialAction":[{"@type":"ReadAction","target":["https:\/\/mention.com\/fr\/eden\/"]}]},{"@type":"BreadcrumbList","@id":"https:\/\/mention.com\/fr\/eden\/#breadcrumb","itemListElement":[{"@type":"ListItem","position":1,"name":"Home","item":"https:\/\/mention.com\/fr\/"},{"@type":"ListItem","position":2,"name":"Mention Customers | Equilibre des Energies"}]},{"@type":"WebSite","@id":"https:\/\/mention.com\/en\/#website","url":"https:\/\/mention.com\/en\/","name":"Mention","description":"Veille en ligne","publisher":{"@id":"https:\/\/mention.com\/en\/#organization"},"potentialAction":[{"@type":"SearchAction","target":{"@type":"EntryPoint","urlTemplate":"https:\/\/mention.com\/en\/?s={search_term_string}"},"query-input":{"@type":"PropertyValueSpecification","valueRequired":true,"valueName":"search_term_string"}}],"inLanguage":"fr"},{"@type":"Organization","@id":"https:\/\/mention.com\/en\/#organization","name":"Mention","url":"https:\/\/mention.com\/en\/","logo":{"@type":"ImageObject","inLanguage":"fr","@id":"https:\/\/mention.com\/en\/#\/schema\/logo\/image\/","url":"https:\/\/mention.com\/wp-content\/uploads\/2019\/04\/mention-about.png","contentUrl":"https:\/\/mention.com\/wp-content\/uploads\/2019\/04\/mention-about.png","width":328,"height":76,"caption":"Mention"},"image":{"@id":"https:\/\/mention.com\/en\/#\/schema\/logo\/image\/"}}]}},"_links":{"self":[{"href":"https:\/\/mention.com\/fr\/wp-json\/wp\/v2\/pages\/8139","targetHints":{"allow":["GET"]}}],"collection":[{"href":"https:\/\/mention.com\/fr\/wp-json\/wp\/v2\/pages"}],"about":[{"href":"https:\/\/mention.com\/fr\/wp-json\/wp\/v2\/types\/page"}],"author":[{"embeddable":true,"href":"https:\/\/mention.com\/fr\/wp-json\/wp\/v2\/users\/34"}],"replies":[{"embeddable":true,"href":"https:\/\/mention.com\/fr\/wp-json\/wp\/v2\/comments?post=8139"}],"version-history":[{"count":0,"href":"https:\/\/mention.com\/fr\/wp-json\/wp\/v2\/pages\/8139\/revisions"}],"wp:attachment":[{"href":"https:\/\/mention.com\/fr\/wp-json\/wp\/v2\/media?parent=8139"}],"curies":[{"name":"wp","href":"https:\/\/api.w.org\/{rel}","templated":true}]}}